{"id":90269,"date":"2025-12-05T01:24:46","date_gmt":"2025-12-04T22:24:46","guid":{"rendered":"https:\/\/baldumarket.lt\/product\/szafka-nocna-debowa-classic-sn211-dab-dark\/"},"modified":"2026-02-04T00:07:56","modified_gmt":"2026-02-03T21:07:56","slug":"szafka-nocna-debowa-classic-sn211-dab-dark","status":"publish","type":"product","link":"https:\/\/baldumarket.lt\/lt\/product\/szafka-nocna-debowa-classic-sn211-dab-dark\/","title":{"rendered":"\u0104\u017euolin\u0117 naktinio staliuko CLASSIC SN211 tamsaus \u0105\u017euolo spalvos"},"content":{"rendered":"<p>Klasikinis ir paprastas SN211 naktinis staliukas pagamintas i\u0161 \u0105\u017euolo masyvo. Sukurtas moderniu, minimalistiniu stiliumi, jis yra erdvus ir prakti\u0161kas. Jo stabili konstrukcija remiasi \u012f tvirtas kojeles, kurios taip pat atlieka estetin\u0119 funkcij\u0105. I\u0161skirtinis bruo\u017eas \u2013 ai\u0161kiai matomas nat\u016bralios medienos ra\u0161tas, kuris su\u0161ildys bet kokio miegamojo interjer\u0105 ir suteiks jam unikalaus \u017eavesio.<\/p>","protected":false},"excerpt":{"rendered":"<p>Klasikinis ir paprastas SN211 naktinis staliukas pagamintas i\u0161 tvirtos \u0105\u017euolo medienos. Sukurtas moderniu, minimalistiniu stiliumi, jis yra erdvus ir prakti\u0161kas. Jo stabili konstrukcija remiasi \u012f tvirtas kojeles, kurios taip pat atlieka estetin\u0119 funkcij\u0105. I\u0161skirtinis bruo\u017eas \u2013 ai\u0161kiai matomas nat\u016bralios medienos ra\u0161tas, kuris su\u0161ildys bet kokio miegamojo interjer\u0105 ir suteiks [\u2026]<\/p>","protected":false},"featured_media":90270,"comment_status":"open","ping_status":"open","template":"","meta":[],"product_brand":[],"product_cat":[9313,1176,2113],"product_tag":[],"class_list":{"0":"post-90269","1":"product","2":"type-product","3":"status-publish","4":"has-post-thumbnail","6":"product_cat-classic-collection-drewmax","7":"product_cat-bedside-tables","8":"product_cat-drewmax","10":"first","11":"instock","12":"purchasable","13":"product-type-simple"},"_links":{"self":[{"href":"https:\/\/baldumarket.lt\/lt\/wp-json\/wp\/v2\/product\/90269","targetHints":{"allow":["GET"]}}],"collection":[{"href":"https:\/\/baldumarket.lt\/lt\/wp-json\/wp\/v2\/product"}],"about":[{"href":"https:\/\/baldumarket.lt\/lt\/wp-json\/wp\/v2\/types\/product"}],"replies":[{"embeddable":true,"href":"https:\/\/baldumarket.lt\/lt\/wp-json\/wp\/v2\/comments?post=90269"}],"wp:featuredmedia":[{"embeddable":true,"href":"https:\/\/baldumarket.lt\/lt\/wp-json\/wp\/v2\/media\/90270"}],"wp:attachment":[{"href":"https:\/\/baldumarket.lt\/lt\/wp-json\/wp\/v2\/media?parent=90269"}],"wp:term":[{"taxonomy":"product_brand","embeddable":true,"href":"https:\/\/baldumarket.lt\/lt\/wp-json\/wp\/v2\/product_brand?post=90269"},{"taxonomy":"product_cat","embeddable":true,"href":"https:\/\/baldumarket.lt\/lt\/wp-json\/wp\/v2\/product_cat?post=90269"},{"taxonomy":"product_tag","embeddable":true,"href":"https:\/\/baldumarket.lt\/lt\/wp-json\/wp\/v2\/product_tag?post=90269"}],"curies":[{"name":"wp","href":"https:\/\/api.w.org\/{rel}","templated":true}]}}