{"id":90262,"date":"2025-12-05T01:24:38","date_gmt":"2025-12-04T22:24:38","guid":{"rendered":"https:\/\/baldumarket.lt\/product\/szafka-nocna-debowa-vip-sn212-dab-kakao\/"},"modified":"2026-02-04T00:07:57","modified_gmt":"2026-02-03T21:07:57","slug":"szafka-nocna-debowa-vip-sn212-dab-kakao","status":"publish","type":"product","link":"https:\/\/baldumarket.lt\/lt\/product\/szafka-nocna-debowa-vip-sn212-dab-kakao\/","title":{"rendered":"VIP SN212 \u0105\u017euolinis naktinis staliukas kakavos \u0105\u017euolo spalvos"},"content":{"rendered":"<p>SN212 naktinis staliukas buvo sukurtas galvojant apie charaktering\u0105 interjer\u0105. Paprastos formos ir prislopintos nat\u016bralaus \u0105\u017euolo medienos spalvos sukuria modern\u0173 interjer\u0105. Mading\u0105, minimalistin\u0119 i\u0161vaizd\u0105 suteikia stal\u010dius be ranken\u0117li\u0173 ir atvira lentyna, puikiai tinkanti patogiai kosmetikai ar \u017eurnalams laikyti.<\/p>","protected":false},"excerpt":{"rendered":"<p>SN212 naktinis staliukas buvo sukurtas galvojant apie charaktering\u0105 interjer\u0105. Paprastos formos ir prislopintos nat\u016bralaus \u0105\u017euolo medienos spalvos sukuria modern\u0173 interjer\u0105. Mading\u0105, minimalistin\u0119 i\u0161vaizd\u0105 suteikia stal\u010dius be ranken\u0117li\u0173 ir atvira lentyna, puikiai tinkanti patogiai kosmetikai ar \u017eurnalams laikyti.<\/p>","protected":false},"featured_media":90257,"comment_status":"open","ping_status":"open","template":"","meta":[],"product_brand":[],"product_cat":[9314,1176,2113],"product_tag":[],"class_list":{"0":"post-90262","1":"product","2":"type-product","3":"status-publish","4":"has-post-thumbnail","6":"product_cat-kolekcja-vip-drewmax","7":"product_cat-bedside-tables","8":"product_cat-drewmax","10":"first","11":"instock","12":"purchasable","13":"product-type-simple"},"_links":{"self":[{"href":"https:\/\/baldumarket.lt\/lt\/wp-json\/wp\/v2\/product\/90262","targetHints":{"allow":["GET"]}}],"collection":[{"href":"https:\/\/baldumarket.lt\/lt\/wp-json\/wp\/v2\/product"}],"about":[{"href":"https:\/\/baldumarket.lt\/lt\/wp-json\/wp\/v2\/types\/product"}],"replies":[{"embeddable":true,"href":"https:\/\/baldumarket.lt\/lt\/wp-json\/wp\/v2\/comments?post=90262"}],"wp:featuredmedia":[{"embeddable":true,"href":"https:\/\/baldumarket.lt\/lt\/wp-json\/wp\/v2\/media\/90257"}],"wp:attachment":[{"href":"https:\/\/baldumarket.lt\/lt\/wp-json\/wp\/v2\/media?parent=90262"}],"wp:term":[{"taxonomy":"product_brand","embeddable":true,"href":"https:\/\/baldumarket.lt\/lt\/wp-json\/wp\/v2\/product_brand?post=90262"},{"taxonomy":"product_cat","embeddable":true,"href":"https:\/\/baldumarket.lt\/lt\/wp-json\/wp\/v2\/product_cat?post=90262"},{"taxonomy":"product_tag","embeddable":true,"href":"https:\/\/baldumarket.lt\/lt\/wp-json\/wp\/v2\/product_tag?post=90262"}],"curies":[{"name":"wp","href":"https:\/\/api.w.org\/{rel}","templated":true}]}}