{"id":90246,"date":"2025-12-05T01:24:21","date_gmt":"2025-12-04T22:24:21","guid":{"rendered":"https:\/\/baldumarket.lt\/product\/szafka-nocna-debowa-vip-sn213-dab-dark\/"},"modified":"2026-02-04T00:07:59","modified_gmt":"2026-02-03T21:07:59","slug":"szafka-nocna-debowa-vip-sn213-dab-dark","status":"publish","type":"product","link":"https:\/\/baldumarket.lt\/lt\/product\/szafka-nocna-debowa-vip-sn213-dab-dark\/","title":{"rendered":"VIP SN213 \u0105\u017euolin\u0117 naktinio staliuko, tamsaus \u0105\u017euolo"},"content":{"rendered":"<p>SN213 naktinis staliukas buvo sukurtas galvojant apie charaktering\u0105 interjer\u0105. Paprastos formos ir prislopintos nat\u016bralaus \u0105\u017euolo medienos spalvos atspindi minimalistin\u012f stili\u0173. Mading\u0105 i\u0161vaizd\u0105 suteikia stal\u010dius be ranken\u0117li\u0173 ir atvira lentyna, puikiai tinkanti patogiai kosmetikai ar \u017eurnalams laikyti.<\/p>","protected":false},"excerpt":{"rendered":"<p>SN213 naktinis staliukas buvo sukurtas galvojant apie charaktering\u0105 interjer\u0105. Paprastos formos ir prislopintos nat\u016bralaus \u0105\u017euolo medienos spalvos atspindi minimalistin\u012f stili\u0173. Mading\u0105 i\u0161vaizd\u0105 suteikia stal\u010dius be ranken\u0117li\u0173 ir atvira lentyna, puikiai tinkanti patogiai kosmetikai ar \u017eurnalams laikyti.<\/p>","protected":false},"featured_media":90247,"comment_status":"open","ping_status":"open","template":"","meta":[],"product_brand":[],"product_cat":[9314,1176,2113],"product_tag":[],"class_list":{"0":"post-90246","1":"product","2":"type-product","3":"status-publish","4":"has-post-thumbnail","6":"product_cat-kolekcja-vip-drewmax","7":"product_cat-bedside-tables","8":"product_cat-drewmax","10":"first","11":"instock","12":"purchasable","13":"product-type-simple"},"_links":{"self":[{"href":"https:\/\/baldumarket.lt\/lt\/wp-json\/wp\/v2\/product\/90246","targetHints":{"allow":["GET"]}}],"collection":[{"href":"https:\/\/baldumarket.lt\/lt\/wp-json\/wp\/v2\/product"}],"about":[{"href":"https:\/\/baldumarket.lt\/lt\/wp-json\/wp\/v2\/types\/product"}],"replies":[{"embeddable":true,"href":"https:\/\/baldumarket.lt\/lt\/wp-json\/wp\/v2\/comments?post=90246"}],"wp:featuredmedia":[{"embeddable":true,"href":"https:\/\/baldumarket.lt\/lt\/wp-json\/wp\/v2\/media\/90247"}],"wp:attachment":[{"href":"https:\/\/baldumarket.lt\/lt\/wp-json\/wp\/v2\/media?parent=90246"}],"wp:term":[{"taxonomy":"product_brand","embeddable":true,"href":"https:\/\/baldumarket.lt\/lt\/wp-json\/wp\/v2\/product_brand?post=90246"},{"taxonomy":"product_cat","embeddable":true,"href":"https:\/\/baldumarket.lt\/lt\/wp-json\/wp\/v2\/product_cat?post=90246"},{"taxonomy":"product_tag","embeddable":true,"href":"https:\/\/baldumarket.lt\/lt\/wp-json\/wp\/v2\/product_tag?post=90246"}],"curies":[{"name":"wp","href":"https:\/\/api.w.org\/{rel}","templated":true}]}}