{"id":90244,"date":"2025-12-05T01:24:19","date_gmt":"2025-12-04T22:24:19","guid":{"rendered":"https:\/\/baldumarket.lt\/product\/szafka-nocna-debowa-sn217-dab-kakao\/"},"modified":"2026-02-04T00:08:00","modified_gmt":"2026-02-03T21:08:00","slug":"szafka-nocna-debowa-sn217-dab-kakao","status":"publish","type":"product","link":"https:\/\/baldumarket.lt\/lt\/product\/szafka-nocna-debowa-sn217-dab-kakao\/","title":{"rendered":"\u0104\u017euolinis naktinis staliukas SN217 kakavos \u0105\u017euolas"},"content":{"rendered":"<p>SN217 naktinis staliukas buvo sukurtas galvojant apie charaktering\u0105 interjer\u0105. Paprastos formos ir prislopintos nat\u016bralaus \u0105\u017euolo medienos spalvos sukuria modern\u0173 interjer\u0105. Unikali\u0105 i\u0161vaizd\u0105 lemia specialus tvirtinimas tiesiai prie lovos \u0161ono, sukuriantis lengvumo iliuzij\u0105. Ma\u017ea, bet prakti\u0161ka, patogi lentyn\u0117l\u0117 gali b\u016bti naudojama b\u016btiniausiems daiktams laikyti.<\/p>\n<p>SN217 naktinis staliukas \u2013 nesuderinamas su \u0161iais lov\u0173 modeliais:<\/p>\n<p>LK214, LK214\/II<\/p>\n<p>LK114, LK114\/II<\/p>\n<p>LK370<\/p>\n<p>LK185<br \/>\nVISI D\u0116\u017dI\u0172 LOV\u0172 MODELIAI<\/p>","protected":false},"excerpt":{"rendered":"<p>SN217 naktinis staliukas buvo sukurtas galvojant apie charaktering\u0105 interjer\u0105. Paprastos formos ir prislopintos nat\u016bralaus \u0105\u017euolo medienos spalvos sukuria modern\u0173 interjer\u0105. Unikali\u0105 i\u0161vaizd\u0105 lemia specialus tvirtinimas tiesiai prie lovos \u0161ono, sukuriantis lengvumo iliuzij\u0105. Ma\u017ea, bet prakti\u0161ka, patogi lentyn\u0117l\u0117 gali b\u016bti naudojama [\u2026]<\/p>","protected":false},"featured_media":90238,"comment_status":"open","ping_status":"open","template":"","meta":[],"product_brand":[],"product_cat":[1176,2113],"product_tag":[],"class_list":{"0":"post-90244","1":"product","2":"type-product","3":"status-publish","4":"has-post-thumbnail","6":"product_cat-bedside-tables","7":"product_cat-drewmax","9":"first","10":"instock","11":"purchasable","12":"product-type-simple"},"_links":{"self":[{"href":"https:\/\/baldumarket.lt\/lt\/wp-json\/wp\/v2\/product\/90244","targetHints":{"allow":["GET"]}}],"collection":[{"href":"https:\/\/baldumarket.lt\/lt\/wp-json\/wp\/v2\/product"}],"about":[{"href":"https:\/\/baldumarket.lt\/lt\/wp-json\/wp\/v2\/types\/product"}],"replies":[{"embeddable":true,"href":"https:\/\/baldumarket.lt\/lt\/wp-json\/wp\/v2\/comments?post=90244"}],"wp:featuredmedia":[{"embeddable":true,"href":"https:\/\/baldumarket.lt\/lt\/wp-json\/wp\/v2\/media\/90238"}],"wp:attachment":[{"href":"https:\/\/baldumarket.lt\/lt\/wp-json\/wp\/v2\/media?parent=90244"}],"wp:term":[{"taxonomy":"product_brand","embeddable":true,"href":"https:\/\/baldumarket.lt\/lt\/wp-json\/wp\/v2\/product_brand?post=90244"},{"taxonomy":"product_cat","embeddable":true,"href":"https:\/\/baldumarket.lt\/lt\/wp-json\/wp\/v2\/product_cat?post=90244"},{"taxonomy":"product_tag","embeddable":true,"href":"https:\/\/baldumarket.lt\/lt\/wp-json\/wp\/v2\/product_tag?post=90244"}],"curies":[{"name":"wp","href":"https:\/\/api.w.org\/{rel}","templated":true}]}}