{"id":90228,"date":"2025-12-05T01:24:00","date_gmt":"2025-12-04T22:24:00","guid":{"rendered":"https:\/\/baldumarket.lt\/product\/szafka-nocna-debowa-retro-sn230-dab-kakao\/"},"modified":"2026-02-04T00:08:02","modified_gmt":"2026-02-03T21:08:02","slug":"szafka-nocna-debowa-retro-sn230-dab-kakao","status":"publish","type":"product","link":"https:\/\/baldumarket.lt\/lt\/product\/szafka-nocna-debowa-retro-sn230-dab-kakao\/","title":{"rendered":"\u0104\u017euolinis naktinis staliukas RETRO SN230 kakavos spalvos \u0105\u017euolas"},"content":{"rendered":"<p>\u0104\u017euolin\u0117 naktin\u0117 spintel\u0117 SN230 buvo sukurta galvojant apie klasikin\u012f interjer\u0105. Pagaminta i\u0161 tvirto \u0105\u017euolo, ji pasi\u017eymi paprastumu ir nesenstan\u010diu stiliumi. Unikalios spintel\u0117s kojel\u0117s suteikia \u017eavesio. Tod\u0117l ji taip pat idealiai tinka madingam, moderniam interjerui. Ji turi prakti\u0161k\u0105 stal\u010di\u0173 smulkiems daiktams laikyti.<\/p>\n<p>Matmenys: P50 x A41 x G35<\/p>\n<p>Spintel\u0117 taip pat si\u016bloma su dviem stal\u010diais \u2013 \u0105\u017euoliniu naktiniu staliuku SN231.<\/p>\n<p>Naktinis staliukas SN230 dera prie kit\u0173 RETRO kolekcijos bald\u0173.<\/p>","protected":false},"excerpt":{"rendered":"<p>\u0104\u017euolin\u0117 naktin\u0117 spintel\u0117 SN230 buvo sukurta galvojant apie klasikin\u012f interjer\u0105. Pagaminta i\u0161 tvirto \u0105\u017euolo, ji pasi\u017eymi paprastumu ir nesenstan\u010diu stiliumi. Unikalios spintel\u0117s kojel\u0117s suteikia \u017eavesio. D\u0117l to ji taip pat idealiai tinka madingam, moderniam interjerui. Ji turi prakti\u0161k\u0105 stal\u010di\u0173 smulkiems daiktams laikyti. Matmenys: P50 x A41 x G35. Spintel\u0117 yra [\u2026]<\/p>","protected":false},"featured_media":90222,"comment_status":"open","ping_status":"open","template":"","meta":[],"product_brand":[],"product_cat":[9312,1176,2113],"product_tag":[],"class_list":{"0":"post-90228","1":"product","2":"type-product","3":"status-publish","4":"has-post-thumbnail","6":"product_cat-retro-collection-drewmax","7":"product_cat-bedside-tables","8":"product_cat-drewmax","10":"first","11":"instock","12":"purchasable","13":"product-type-simple"},"_links":{"self":[{"href":"https:\/\/baldumarket.lt\/lt\/wp-json\/wp\/v2\/product\/90228","targetHints":{"allow":["GET"]}}],"collection":[{"href":"https:\/\/baldumarket.lt\/lt\/wp-json\/wp\/v2\/product"}],"about":[{"href":"https:\/\/baldumarket.lt\/lt\/wp-json\/wp\/v2\/types\/product"}],"replies":[{"embeddable":true,"href":"https:\/\/baldumarket.lt\/lt\/wp-json\/wp\/v2\/comments?post=90228"}],"wp:featuredmedia":[{"embeddable":true,"href":"https:\/\/baldumarket.lt\/lt\/wp-json\/wp\/v2\/media\/90222"}],"wp:attachment":[{"href":"https:\/\/baldumarket.lt\/lt\/wp-json\/wp\/v2\/media?parent=90228"}],"wp:term":[{"taxonomy":"product_brand","embeddable":true,"href":"https:\/\/baldumarket.lt\/lt\/wp-json\/wp\/v2\/product_brand?post=90228"},{"taxonomy":"product_cat","embeddable":true,"href":"https:\/\/baldumarket.lt\/lt\/wp-json\/wp\/v2\/product_cat?post=90228"},{"taxonomy":"product_tag","embeddable":true,"href":"https:\/\/baldumarket.lt\/lt\/wp-json\/wp\/v2\/product_tag?post=90228"}],"curies":[{"name":"wp","href":"https:\/\/api.w.org\/{rel}","templated":true}]}}