{"id":90215,"date":"2025-12-05T01:23:46","date_gmt":"2025-12-04T22:23:46","guid":{"rendered":"https:\/\/baldumarket.lt\/product\/szafka-nocna-debowa-vip-sn301-dab-dark\/"},"modified":"2026-02-04T00:08:04","modified_gmt":"2026-02-03T21:08:04","slug":"szafka-nocna-debowa-vip-sn301-dab-dark","status":"publish","type":"product","link":"https:\/\/baldumarket.lt\/lt\/product\/szafka-nocna-debowa-vip-sn301-dab-dark\/","title":{"rendered":"VIP SN301 \u0105\u017euolin\u0117 naktinio staliuko, tamsaus \u0105\u017euolo"},"content":{"rendered":"<p>Stilingas SN301 naktinis staliukas, pagamintas i\u0161 \u0105\u017euolo masyvo, pasi\u017eymi funkcionaliu r\u0117mu su viena atvira lentyna ir vienu stal\u010diumi be ranken\u0117li\u0173, puikiai tinkan\u010diu laikyti kosmetik\u0105 ar knygas. Minimalistinis dizainas ir unikalios, nuo\u017eulnios kojel\u0117s paver\u010dia SN301 naktin\u012f staliuk\u0105 tobulu deriniu prie madingo ir modernaus stiliaus. Ma\u017eas, bet gra\u017eus stalvir\u0161is puikiai tinka \u0161eimos nuotraukai ar dekoratyviniam naktiniam staliukui. Nat\u016bralaus \u0105\u017euolo medienos, i\u0161 kurios jis pagamintas, \u0161iluma sukurs gra\u017ei\u0105 ir jauki\u0105 atmosfer\u0105 miegamajame.<\/p>","protected":false},"excerpt":{"rendered":"<p>Stilingas SN301 naktinis staliukas, pagamintas i\u0161 \u0105\u017euolo masyvo, pasi\u017eymi funkcionaliu r\u0117mu su viena atvira lentyna ir vienu stal\u010diumi be ranken\u0117li\u0173, puikiai tinkan\u010diu laikyti kosmetik\u0105 ar knygas. Minimalistinis dizainas ir unikalios, nuo\u017eulnios kojel\u0117s paver\u010dia SN301 naktin\u012f staliuk\u0105 idealiai tinkan\u010diu madingam, moderniam stiliui. Ma\u017eas, bet gra\u017eus stalvir\u0161is yra [\u2026]<\/p>","protected":false},"featured_media":81835,"comment_status":"open","ping_status":"open","template":"","meta":[],"product_brand":[],"product_cat":[9314,1176,2113],"product_tag":[],"class_list":{"0":"post-90215","1":"product","2":"type-product","3":"status-publish","4":"has-post-thumbnail","6":"product_cat-kolekcja-vip-drewmax","7":"product_cat-bedside-tables","8":"product_cat-drewmax","10":"first","11":"instock","12":"purchasable","13":"product-type-simple"},"_links":{"self":[{"href":"https:\/\/baldumarket.lt\/lt\/wp-json\/wp\/v2\/product\/90215","targetHints":{"allow":["GET"]}}],"collection":[{"href":"https:\/\/baldumarket.lt\/lt\/wp-json\/wp\/v2\/product"}],"about":[{"href":"https:\/\/baldumarket.lt\/lt\/wp-json\/wp\/v2\/types\/product"}],"replies":[{"embeddable":true,"href":"https:\/\/baldumarket.lt\/lt\/wp-json\/wp\/v2\/comments?post=90215"}],"wp:featuredmedia":[{"embeddable":true,"href":"https:\/\/baldumarket.lt\/lt\/wp-json\/wp\/v2\/media\/81835"}],"wp:attachment":[{"href":"https:\/\/baldumarket.lt\/lt\/wp-json\/wp\/v2\/media?parent=90215"}],"wp:term":[{"taxonomy":"product_brand","embeddable":true,"href":"https:\/\/baldumarket.lt\/lt\/wp-json\/wp\/v2\/product_brand?post=90215"},{"taxonomy":"product_cat","embeddable":true,"href":"https:\/\/baldumarket.lt\/lt\/wp-json\/wp\/v2\/product_cat?post=90215"},{"taxonomy":"product_tag","embeddable":true,"href":"https:\/\/baldumarket.lt\/lt\/wp-json\/wp\/v2\/product_tag?post=90215"}],"curies":[{"name":"wp","href":"https:\/\/api.w.org\/{rel}","templated":true}]}}