{"id":90206,"date":"2025-12-05T01:23:37","date_gmt":"2025-12-04T22:23:37","guid":{"rendered":"https:\/\/baldumarket.lt\/product\/szafka-nocna-debowa-vip-sn302-dab-dark\/"},"modified":"2026-02-04T00:08:06","modified_gmt":"2026-02-03T21:08:06","slug":"szafka-nocna-debowa-vip-sn302-dab-dark","status":"publish","type":"product","link":"https:\/\/baldumarket.lt\/lt\/product\/szafka-nocna-debowa-vip-sn302-dab-dark\/","title":{"rendered":"VIP SN302 \u0105\u017euolin\u0117 naktinio staliuko, tamsaus \u0105\u017euolo"},"content":{"rendered":"<p>Stilingas SN302 naktinis staliukas, pagamintas i\u0161 \u0105\u017euolo masyvo, turi funkcional\u0173 stal\u010di\u0173 be ranken\u0117li\u0173, puikiai tinkant\u012f laikyti kosmetik\u0105 ar knygas. Minimalistinis dizainas ir unikalios, nuo\u017eulnios kojel\u0117s paver\u010dia SN302 naktin\u012f staliuk\u0105 idealiai tinkan\u010diu madingam, moderniam stiliui. Ma\u017eas, bet gra\u017eus stalvir\u0161is yra puiki vieta \u0161eimos nuotraukai ar dekoratyviniam naktiniam staliukui. Nat\u016bralaus \u0105\u017euolo medienos, i\u0161 kurios jis pagamintas, \u0161iluma sukurs gra\u017ei\u0105, jauki\u0105 atmosfer\u0105 miegamajame.<\/p>","protected":false},"excerpt":{"rendered":"<p>Stilingas SN302 naktinis staliukas, pagamintas i\u0161 \u0105\u017euolo masyvo, turi funkcional\u0173 stal\u010di\u0173 be ranken\u0117li\u0173, puikiai tinkant\u012f laikyti kosmetik\u0105 ar knygas. Minimalistinis dizainas ir unikalios, nuo\u017eulnios kojel\u0117s paver\u010dia SN302 naktin\u012f staliuk\u0105 idealiai tinkan\u010diu madingam, moderniam stiliui. Ma\u017eas, bet gra\u017eus stalvir\u0161is yra puiki vieta \u0161eimos nuotraukai ar [\u2026]<\/p>","protected":false},"featured_media":82571,"comment_status":"open","ping_status":"open","template":"","meta":[],"product_brand":[],"product_cat":[9314,1176,2113],"product_tag":[],"class_list":{"0":"post-90206","1":"product","2":"type-product","3":"status-publish","4":"has-post-thumbnail","6":"product_cat-kolekcja-vip-drewmax","7":"product_cat-bedside-tables","8":"product_cat-drewmax","10":"first","11":"instock","12":"purchasable","13":"product-type-simple"},"_links":{"self":[{"href":"https:\/\/baldumarket.lt\/lt\/wp-json\/wp\/v2\/product\/90206","targetHints":{"allow":["GET"]}}],"collection":[{"href":"https:\/\/baldumarket.lt\/lt\/wp-json\/wp\/v2\/product"}],"about":[{"href":"https:\/\/baldumarket.lt\/lt\/wp-json\/wp\/v2\/types\/product"}],"replies":[{"embeddable":true,"href":"https:\/\/baldumarket.lt\/lt\/wp-json\/wp\/v2\/comments?post=90206"}],"wp:featuredmedia":[{"embeddable":true,"href":"https:\/\/baldumarket.lt\/lt\/wp-json\/wp\/v2\/media\/82571"}],"wp:attachment":[{"href":"https:\/\/baldumarket.lt\/lt\/wp-json\/wp\/v2\/media?parent=90206"}],"wp:term":[{"taxonomy":"product_brand","embeddable":true,"href":"https:\/\/baldumarket.lt\/lt\/wp-json\/wp\/v2\/product_brand?post=90206"},{"taxonomy":"product_cat","embeddable":true,"href":"https:\/\/baldumarket.lt\/lt\/wp-json\/wp\/v2\/product_cat?post=90206"},{"taxonomy":"product_tag","embeddable":true,"href":"https:\/\/baldumarket.lt\/lt\/wp-json\/wp\/v2\/product_tag?post=90206"}],"curies":[{"name":"wp","href":"https:\/\/api.w.org\/{rel}","templated":true}]}}