{"id":90202,"date":"2025-12-05T01:23:32","date_gmt":"2025-12-04T22:23:32","guid":{"rendered":"https:\/\/baldumarket.lt\/product\/szafka-nocna-metalowo-debowa-metal-sn370-dab-naturalny\/"},"modified":"2026-02-04T00:08:07","modified_gmt":"2026-02-03T21:08:07","slug":"szafka-nocna-metalowo-debowa-metal-sn370-dab-naturalny","status":"publish","type":"product","link":"https:\/\/baldumarket.lt\/lt\/product\/szafka-nocna-metalowo-debowa-metal-sn370-dab-naturalny\/","title":{"rendered":"Metalinis ir \u0105\u017euolinis naktinis staliukas METAL SN370 nat\u016bralus \u0105\u017euolas"},"content":{"rendered":"<p>SN370 naktinis staliukas pasi\u017eymi moderniu, industriniu stiliumi. Jam b\u016bdinga paprasta forma ir geometrin\u0117s fig\u016bros. Prakti\u0161kas stal\u010dius, pagamintas i\u0161 nat\u016bralaus \u0105\u017euolo medienos, derinamas su geometrinio metalo pagrindu. \u0160is ne\u012fprastas dizainas daro \u0161i\u0105 ma\u017e\u0105 spintel\u0119 ak\u012f traukian\u010dia ir suteikia \u017eavesio bet kokiam interjerui. Nat\u016bralaus med\u017eio \u0161iluma sukuria jauki\u0105 atmosfer\u0105, o v\u0117sus metalas \u2013 charakterio.<\/p>","protected":false},"excerpt":{"rendered":"<p>SN370 naktinis staliukas pasi\u017eymi moderniu, industriniu stiliumi. Jam b\u016bdinga paprasta forma ir geometrin\u0117s fig\u016bros. Prakti\u0161kas stal\u010dius, pagamintas i\u0161 nat\u016bralaus \u0105\u017euolo medienos, derinamas su geometriniu metaliniu pagrindu. \u0160is ne\u012fprastas dizainas daro \u0161i\u0105 ma\u017e\u0105 spintel\u0119 ak\u012f traukian\u010dia ir suteikia \u017eavesio bet kokiam interjerui. Nat\u016bralaus med\u017eio \u0161iluma sukuria jauki\u0105 atmosfer\u0105, [\u2026]<\/p>","protected":false},"featured_media":90195,"comment_status":"open","ping_status":"open","template":"","meta":[],"product_brand":[],"product_cat":[9316,1176,2113],"product_tag":[],"class_list":{"0":"post-90202","1":"product","2":"type-product","3":"status-publish","4":"has-post-thumbnail","6":"product_cat-metal-collection-drewmax","7":"product_cat-bedside-tables","8":"product_cat-drewmax","10":"first","11":"instock","12":"purchasable","13":"product-type-simple"},"_links":{"self":[{"href":"https:\/\/baldumarket.lt\/lt\/wp-json\/wp\/v2\/product\/90202","targetHints":{"allow":["GET"]}}],"collection":[{"href":"https:\/\/baldumarket.lt\/lt\/wp-json\/wp\/v2\/product"}],"about":[{"href":"https:\/\/baldumarket.lt\/lt\/wp-json\/wp\/v2\/types\/product"}],"replies":[{"embeddable":true,"href":"https:\/\/baldumarket.lt\/lt\/wp-json\/wp\/v2\/comments?post=90202"}],"wp:featuredmedia":[{"embeddable":true,"href":"https:\/\/baldumarket.lt\/lt\/wp-json\/wp\/v2\/media\/90195"}],"wp:attachment":[{"href":"https:\/\/baldumarket.lt\/lt\/wp-json\/wp\/v2\/media?parent=90202"}],"wp:term":[{"taxonomy":"product_brand","embeddable":true,"href":"https:\/\/baldumarket.lt\/lt\/wp-json\/wp\/v2\/product_brand?post=90202"},{"taxonomy":"product_cat","embeddable":true,"href":"https:\/\/baldumarket.lt\/lt\/wp-json\/wp\/v2\/product_cat?post=90202"},{"taxonomy":"product_tag","embeddable":true,"href":"https:\/\/baldumarket.lt\/lt\/wp-json\/wp\/v2\/product_tag?post=90202"}],"curies":[{"name":"wp","href":"https:\/\/api.w.org\/{rel}","templated":true}]}}