{"id":90201,"date":"2025-12-05T01:23:31","date_gmt":"2025-12-04T22:23:31","guid":{"rendered":"https:\/\/baldumarket.lt\/product\/szafka-nocna-sosnowa-corsica-sn101-sosna-grey\/"},"modified":"2026-02-04T00:08:07","modified_gmt":"2026-02-03T21:08:07","slug":"szafka-nocna-sosnowa-corsica-sn101-sosna-grey","status":"publish","type":"product","link":"https:\/\/baldumarket.lt\/lt\/product\/szafka-nocna-sosnowa-corsica-sn101-sosna-grey\/","title":{"rendered":"CORSICA SN101 pu\u0161ies naktinis staliukas, pilka pu\u0161is"},"content":{"rendered":"<p>SN101 naktinis staliukas buvo sukurtas galvojant apie klasikin\u0117s estetikos m\u0117g\u0117jus. Pagamintas i\u0161 tvirtos pu\u0161ies medienos, jis pasi\u017eymi nesenstan\u010dia ir eleganti\u0161ka i\u0161vaizda. Pagrindinis jo privalumas \u2013 funkcionalumas. Stal\u010dius ir u\u017edara lentyna suteikia prakti\u0161kos vietos daiktams susid\u0117ti. Joje lengvai tilps smulk\u016bs daiktai, patogi kosmetika ar gera knyga.<\/p>","protected":false},"excerpt":{"rendered":"<p>SN101 naktinis staliukas buvo sukurtas galvojant apie klasikin\u0117s estetikos m\u0117g\u0117jus. Pagamintas i\u0161 tvirtos pu\u0161ies medienos, jis pasi\u017eymi nesenstan\u010dia ir eleganti\u0161ka i\u0161vaizda. Pagrindinis jo privalumas \u2013 funkcionalumas. Stal\u010dius ir u\u017edara lentyna suteikia prakti\u0161kos vietos daiktams susid\u0117ti. Joje lengvai tilps smulk\u016bs daiktai, patogi kosmetika ar gera knyga.<\/p>","protected":false},"featured_media":90188,"comment_status":"open","ping_status":"open","template":"","meta":[],"product_brand":[],"product_cat":[9318,1176,2113],"product_tag":[],"class_list":{"0":"post-90201","1":"product","2":"type-product","3":"status-publish","4":"has-post-thumbnail","6":"product_cat-kolekcja-corsica-drewmax","7":"product_cat-bedside-tables","8":"product_cat-drewmax","10":"first","11":"instock","12":"purchasable","13":"product-type-simple"},"_links":{"self":[{"href":"https:\/\/baldumarket.lt\/lt\/wp-json\/wp\/v2\/product\/90201","targetHints":{"allow":["GET"]}}],"collection":[{"href":"https:\/\/baldumarket.lt\/lt\/wp-json\/wp\/v2\/product"}],"about":[{"href":"https:\/\/baldumarket.lt\/lt\/wp-json\/wp\/v2\/types\/product"}],"replies":[{"embeddable":true,"href":"https:\/\/baldumarket.lt\/lt\/wp-json\/wp\/v2\/comments?post=90201"}],"wp:featuredmedia":[{"embeddable":true,"href":"https:\/\/baldumarket.lt\/lt\/wp-json\/wp\/v2\/media\/90188"}],"wp:attachment":[{"href":"https:\/\/baldumarket.lt\/lt\/wp-json\/wp\/v2\/media?parent=90201"}],"wp:term":[{"taxonomy":"product_brand","embeddable":true,"href":"https:\/\/baldumarket.lt\/lt\/wp-json\/wp\/v2\/product_brand?post=90201"},{"taxonomy":"product_cat","embeddable":true,"href":"https:\/\/baldumarket.lt\/lt\/wp-json\/wp\/v2\/product_cat?post=90201"},{"taxonomy":"product_tag","embeddable":true,"href":"https:\/\/baldumarket.lt\/lt\/wp-json\/wp\/v2\/product_tag?post=90201"}],"curies":[{"name":"wp","href":"https:\/\/api.w.org\/{rel}","templated":true}]}}