{"id":90167,"date":"2025-12-05T01:22:54","date_gmt":"2025-12-04T22:22:54","guid":{"rendered":"https:\/\/baldumarket.lt\/product\/szafka-nocna-sosnowa-corsica-sn108-sosna-naturalny\/"},"modified":"2026-02-04T00:08:12","modified_gmt":"2026-02-03T21:08:12","slug":"szafka-nocna-sosnowa-corsica-sn108-sosna-naturalny","status":"publish","type":"product","link":"https:\/\/baldumarket.lt\/lt\/product\/szafka-nocna-sosnowa-corsica-sn108-sosna-naturalny\/","title":{"rendered":"CORSICA SN108 pu\u0161ies naktinis staliukas, nat\u016brali pu\u0161is"},"content":{"rendered":"<p>SN108 naktinis staliukas atspindi elegancij\u0105 ir klasikin\u012f stili\u0173. Jo konstrukcijoje naudojama pu\u0161ies mediena idealiai tinka kurti jaukias dekoracijas. Du stal\u010diai suteikia funkcionalios erdv\u0117s daugybei smulki\u0173 daikt\u0173 laikyti. Minimalistinis dizainas leid\u017eia SN108 naktiniam staliukui tinka tiek moderniam, tiek klasikiniam interjerui.<\/p>","protected":false},"excerpt":{"rendered":"<p>SN108 naktinis staliukas atspindi elegancij\u0105 ir klasikin\u012f stili\u0173. Jo konstrukcijoje naudojama pu\u0161ies mediena idealiai tinka kurti jaukias dekoracijas. Du stal\u010diai suteikia funkcionalios erdv\u0117s daugybei smulki\u0173 daikt\u0173 laikyti. Minimalistinis dizainas leid\u017eia SN108 naktiniam staliukui tinka tiek moderniam, tiek klasikiniam interjerui.<\/p>","protected":false},"featured_media":90166,"comment_status":"open","ping_status":"open","template":"","meta":[],"product_brand":[],"product_cat":[9318,1176,2113],"product_tag":[],"class_list":{"0":"post-90167","1":"product","2":"type-product","3":"status-publish","4":"has-post-thumbnail","6":"product_cat-kolekcja-corsica-drewmax","7":"product_cat-bedside-tables","8":"product_cat-drewmax","10":"first","11":"instock","12":"purchasable","13":"product-type-simple"},"_links":{"self":[{"href":"https:\/\/baldumarket.lt\/lt\/wp-json\/wp\/v2\/product\/90167","targetHints":{"allow":["GET"]}}],"collection":[{"href":"https:\/\/baldumarket.lt\/lt\/wp-json\/wp\/v2\/product"}],"about":[{"href":"https:\/\/baldumarket.lt\/lt\/wp-json\/wp\/v2\/types\/product"}],"replies":[{"embeddable":true,"href":"https:\/\/baldumarket.lt\/lt\/wp-json\/wp\/v2\/comments?post=90167"}],"wp:featuredmedia":[{"embeddable":true,"href":"https:\/\/baldumarket.lt\/lt\/wp-json\/wp\/v2\/media\/90166"}],"wp:attachment":[{"href":"https:\/\/baldumarket.lt\/lt\/wp-json\/wp\/v2\/media?parent=90167"}],"wp:term":[{"taxonomy":"product_brand","embeddable":true,"href":"https:\/\/baldumarket.lt\/lt\/wp-json\/wp\/v2\/product_brand?post=90167"},{"taxonomy":"product_cat","embeddable":true,"href":"https:\/\/baldumarket.lt\/lt\/wp-json\/wp\/v2\/product_cat?post=90167"},{"taxonomy":"product_tag","embeddable":true,"href":"https:\/\/baldumarket.lt\/lt\/wp-json\/wp\/v2\/product_tag?post=90167"}],"curies":[{"name":"wp","href":"https:\/\/api.w.org\/{rel}","templated":true}]}}