{"id":90155,"date":"2025-12-05T01:22:35","date_gmt":"2025-12-04T22:22:35","guid":{"rendered":"https:\/\/baldumarket.lt\/product\/szafka-nocna-sosnowa-corsica-sn109-sosna-grey\/"},"modified":"2026-02-04T00:08:15","modified_gmt":"2026-02-03T21:08:15","slug":"szafka-nocna-sosnowa-corsica-sn109-sosna-grey","status":"publish","type":"product","link":"https:\/\/baldumarket.lt\/lt\/product\/szafka-nocna-sosnowa-corsica-sn109-sosna-grey\/","title":{"rendered":"CORSICA SN109 pu\u0161ies naktinis staliukas, pilka pu\u0161is"},"content":{"rendered":"<p>SN109 naktinis staliukas buvo sukurtas galvojant apie klasikinio stiliaus m\u0117g\u0117jus. Pagamintas i\u0161 tvirtos pu\u0161ies medienos, jis pasi\u017eymi nesenstan\u010dia ir eleganti\u0161ka i\u0161vaizda. Pagrindinis jo privalumas \u2013 funkcionalumas. U\u017edara lentyna suteikia prakti\u0161kos vietos daiktams susid\u0117ti. Joje lengvai tilps nieku\u010diai, kosmetika ar gera knyga.<\/p>","protected":false},"excerpt":{"rendered":"<p>SN109 naktinis staliukas buvo sukurtas galvojant apie klasikinio stiliaus m\u0117g\u0117jus. Pagamintas i\u0161 tvirtos pu\u0161ies medienos, jis pasi\u017eymi nesenstan\u010dia ir eleganti\u0161ka i\u0161vaizda. Pagrindinis jo privalumas \u2013 funkcionalumas. U\u017edara lentyna suteikia prakti\u0161kos vietos daiktams susid\u0117ti. Joje lengvai tilps nieku\u010diai, kosmetika ar gera knyga.<\/p>","protected":false},"featured_media":90156,"comment_status":"open","ping_status":"open","template":"","meta":[],"product_brand":[],"product_cat":[9318,1176,2113],"product_tag":[],"class_list":{"0":"post-90155","1":"product","2":"type-product","3":"status-publish","4":"has-post-thumbnail","6":"product_cat-kolekcja-corsica-drewmax","7":"product_cat-bedside-tables","8":"product_cat-drewmax","10":"first","11":"instock","12":"purchasable","13":"product-type-simple"},"_links":{"self":[{"href":"https:\/\/baldumarket.lt\/lt\/wp-json\/wp\/v2\/product\/90155","targetHints":{"allow":["GET"]}}],"collection":[{"href":"https:\/\/baldumarket.lt\/lt\/wp-json\/wp\/v2\/product"}],"about":[{"href":"https:\/\/baldumarket.lt\/lt\/wp-json\/wp\/v2\/types\/product"}],"replies":[{"embeddable":true,"href":"https:\/\/baldumarket.lt\/lt\/wp-json\/wp\/v2\/comments?post=90155"}],"wp:featuredmedia":[{"embeddable":true,"href":"https:\/\/baldumarket.lt\/lt\/wp-json\/wp\/v2\/media\/90156"}],"wp:attachment":[{"href":"https:\/\/baldumarket.lt\/lt\/wp-json\/wp\/v2\/media?parent=90155"}],"wp:term":[{"taxonomy":"product_brand","embeddable":true,"href":"https:\/\/baldumarket.lt\/lt\/wp-json\/wp\/v2\/product_brand?post=90155"},{"taxonomy":"product_cat","embeddable":true,"href":"https:\/\/baldumarket.lt\/lt\/wp-json\/wp\/v2\/product_cat?post=90155"},{"taxonomy":"product_tag","embeddable":true,"href":"https:\/\/baldumarket.lt\/lt\/wp-json\/wp\/v2\/product_tag?post=90155"}],"curies":[{"name":"wp","href":"https:\/\/api.w.org\/{rel}","templated":true}]}}