{"id":90150,"date":"2025-12-05T01:22:31","date_gmt":"2025-12-04T22:22:31","guid":{"rendered":"https:\/\/baldumarket.lt\/product\/szafka-nocna-sosnowa-sn121-sosna-orzech\/"},"modified":"2026-02-04T00:08:15","modified_gmt":"2026-02-03T21:08:15","slug":"szafka-nocna-sosnowa-sn121-sosna-orzech","status":"publish","type":"product","link":"https:\/\/baldumarket.lt\/lt\/product\/szafka-nocna-sosnowa-sn121-sosna-orzech\/","title":{"rendered":"Pu\u0161inis naktinis staliukas SN121 pu\u0161ies rie\u0161uto spalvos"},"content":{"rendered":"<p>SN121 naktinis staliukas buvo sukurtas galvojant apie modern\u0173 interjer\u0105. Paprastas dizainas ir prislopintos nat\u016bralios pu\u0161ies medienos spalvos sukuria stiling\u0105 ir funkcional\u0173 interjer\u0105. Mading\u0105, minimalistin\u0119 i\u0161vaizd\u0105 u\u017etikrina stal\u010dius be ranken\u0117li\u0173 ir atvira lentyna, puikiai tinkanti laikyti kosmetik\u0105 ar \u017eurnalus.<\/p>","protected":false},"excerpt":{"rendered":"<p>SN121 naktinis staliukas buvo sukurtas galvojant apie modern\u0173 interjer\u0105. Paprastas dizainas ir prislopintos nat\u016bralios pu\u0161ies medienos spalvos sukuria stiling\u0105 ir funkcional\u0173 interjer\u0105. Mading\u0105, minimalistin\u0119 i\u0161vaizd\u0105 u\u017etikrina stal\u010dius be ranken\u0117li\u0173 ir atvira lentyna, puikiai tinkanti laikyti kosmetik\u0105 ar \u017eurnalus.<\/p>","protected":false},"featured_media":90151,"comment_status":"open","ping_status":"open","template":"","meta":[],"product_brand":[],"product_cat":[1176,2113],"product_tag":[],"class_list":{"0":"post-90150","1":"product","2":"type-product","3":"status-publish","4":"has-post-thumbnail","6":"product_cat-bedside-tables","7":"product_cat-drewmax","9":"first","10":"instock","11":"purchasable","12":"product-type-simple"},"_links":{"self":[{"href":"https:\/\/baldumarket.lt\/lt\/wp-json\/wp\/v2\/product\/90150","targetHints":{"allow":["GET"]}}],"collection":[{"href":"https:\/\/baldumarket.lt\/lt\/wp-json\/wp\/v2\/product"}],"about":[{"href":"https:\/\/baldumarket.lt\/lt\/wp-json\/wp\/v2\/types\/product"}],"replies":[{"embeddable":true,"href":"https:\/\/baldumarket.lt\/lt\/wp-json\/wp\/v2\/comments?post=90150"}],"wp:featuredmedia":[{"embeddable":true,"href":"https:\/\/baldumarket.lt\/lt\/wp-json\/wp\/v2\/media\/90151"}],"wp:attachment":[{"href":"https:\/\/baldumarket.lt\/lt\/wp-json\/wp\/v2\/media?parent=90150"}],"wp:term":[{"taxonomy":"product_brand","embeddable":true,"href":"https:\/\/baldumarket.lt\/lt\/wp-json\/wp\/v2\/product_brand?post=90150"},{"taxonomy":"product_cat","embeddable":true,"href":"https:\/\/baldumarket.lt\/lt\/wp-json\/wp\/v2\/product_cat?post=90150"},{"taxonomy":"product_tag","embeddable":true,"href":"https:\/\/baldumarket.lt\/lt\/wp-json\/wp\/v2\/product_tag?post=90150"}],"curies":[{"name":"wp","href":"https:\/\/api.w.org\/{rel}","templated":true}]}}