{"id":90138,"date":"2025-12-05T01:22:17","date_gmt":"2025-12-04T22:22:17","guid":{"rendered":"https:\/\/baldumarket.lt\/product\/szafka-nocna-sosnowa-sn123-sosna-olcha\/"},"modified":"2026-02-04T00:08:17","modified_gmt":"2026-02-03T21:08:17","slug":"szafka-nocna-sosnowa-sn123-sosna-olcha","status":"publish","type":"product","link":"https:\/\/baldumarket.lt\/lt\/product\/szafka-nocna-sosnowa-sn123-sosna-olcha\/","title":{"rendered":"Pu\u0161inis naktinis staliukas SN123 pu\u0161is-alksnis"},"content":{"rendered":"<p>SN123 naktinis staliukas atspindi elegancij\u0105 ir klasikin\u012f stili\u0173. Jo pu\u0161ies mediena idealiai tinka \u0161iltoms dekoracijoms kurti. Patogus stal\u010dius ir atvira lentyna suteikia funkcionali\u0105 viet\u0105 daugybei smulki\u0173 daikt\u0173 laikyti.<\/p>","protected":false},"excerpt":{"rendered":"<p>SN123 naktinis staliukas atspindi elegancij\u0105 ir klasikin\u012f stili\u0173. Jo pu\u0161ies mediena idealiai tinka \u0161iltoms dekoracijoms kurti. Patogus stal\u010dius ir atvira lentyna suteikia funkcionali\u0105 viet\u0105 daugybei smulki\u0173 daikt\u0173 laikyti.<\/p>","protected":false},"featured_media":82559,"comment_status":"open","ping_status":"open","template":"","meta":[],"product_brand":[],"product_cat":[1176,2113],"product_tag":[],"class_list":{"0":"post-90138","1":"product","2":"type-product","3":"status-publish","4":"has-post-thumbnail","6":"product_cat-bedside-tables","7":"product_cat-drewmax","9":"first","10":"instock","11":"purchasable","12":"product-type-simple"},"_links":{"self":[{"href":"https:\/\/baldumarket.lt\/lt\/wp-json\/wp\/v2\/product\/90138","targetHints":{"allow":["GET"]}}],"collection":[{"href":"https:\/\/baldumarket.lt\/lt\/wp-json\/wp\/v2\/product"}],"about":[{"href":"https:\/\/baldumarket.lt\/lt\/wp-json\/wp\/v2\/types\/product"}],"replies":[{"embeddable":true,"href":"https:\/\/baldumarket.lt\/lt\/wp-json\/wp\/v2\/comments?post=90138"}],"wp:featuredmedia":[{"embeddable":true,"href":"https:\/\/baldumarket.lt\/lt\/wp-json\/wp\/v2\/media\/82559"}],"wp:attachment":[{"href":"https:\/\/baldumarket.lt\/lt\/wp-json\/wp\/v2\/media?parent=90138"}],"wp:term":[{"taxonomy":"product_brand","embeddable":true,"href":"https:\/\/baldumarket.lt\/lt\/wp-json\/wp\/v2\/product_brand?post=90138"},{"taxonomy":"product_cat","embeddable":true,"href":"https:\/\/baldumarket.lt\/lt\/wp-json\/wp\/v2\/product_cat?post=90138"},{"taxonomy":"product_tag","embeddable":true,"href":"https:\/\/baldumarket.lt\/lt\/wp-json\/wp\/v2\/product_tag?post=90138"}],"curies":[{"name":"wp","href":"https:\/\/api.w.org\/{rel}","templated":true}]}}