{"id":90111,"date":"2025-12-05T01:21:41","date_gmt":"2025-12-04T22:21:41","guid":{"rendered":"https:\/\/baldumarket.lt\/product\/szafka-rtv-debowa-vip-rv301-dab-naturalny\/"},"modified":"2026-02-04T00:08:23","modified_gmt":"2026-02-03T21:08:23","slug":"szafka-rtv-debowa-vip-rv301-dab-naturalny","status":"publish","type":"product","link":"https:\/\/baldumarket.lt\/lt\/product\/szafka-rtv-debowa-vip-rv301-dab-naturalny\/","title":{"rendered":"\u0104\u017euolin\u0117 TV spintel\u0117 VIP RV301 nat\u016bralaus \u0105\u017euolo"},"content":{"rendered":"<p>Ma\u017ea, \u0105\u017euolin\u0117 RV301 spintel\u0117 \u2013 tai modernaus stiliaus baldas, sukurtas galvojant apie funkcional\u0173 svetain\u0117s interjer\u0105. Joje yra dvi atviros lentynos elektronikai laikyti. Patog\u016bs stal\u010diai be ranken\u0117li\u0173 suteikia daug vietos nam\u0173 apyvokos daiktams susid\u0117ti.<\/p>","protected":false},"excerpt":{"rendered":"<p>Ma\u017ea, \u0105\u017euolin\u0117 RV301 spintel\u0117 \u2013 tai modernaus stiliaus baldas, sukurtas galvojant apie funkcional\u0173 svetain\u0117s interjer\u0105. Joje yra dvi atviros lentynos elektronikai laikyti. Patog\u016bs stal\u010diai be ranken\u0117li\u0173 suteikia daug vietos nam\u0173 apyvokos daiktams susid\u0117ti.<\/p>","protected":false},"featured_media":90108,"comment_status":"open","ping_status":"open","template":"","meta":[],"product_brand":[],"product_cat":[9314,2113,1175],"product_tag":[],"class_list":{"0":"post-90111","1":"product","2":"type-product","3":"status-publish","4":"has-post-thumbnail","6":"product_cat-kolekcja-vip-drewmax","7":"product_cat-drewmax","8":"product_cat-tv-stands","10":"first","11":"instock","12":"purchasable","13":"product-type-simple"},"_links":{"self":[{"href":"https:\/\/baldumarket.lt\/lt\/wp-json\/wp\/v2\/product\/90111","targetHints":{"allow":["GET"]}}],"collection":[{"href":"https:\/\/baldumarket.lt\/lt\/wp-json\/wp\/v2\/product"}],"about":[{"href":"https:\/\/baldumarket.lt\/lt\/wp-json\/wp\/v2\/types\/product"}],"replies":[{"embeddable":true,"href":"https:\/\/baldumarket.lt\/lt\/wp-json\/wp\/v2\/comments?post=90111"}],"wp:featuredmedia":[{"embeddable":true,"href":"https:\/\/baldumarket.lt\/lt\/wp-json\/wp\/v2\/media\/90108"}],"wp:attachment":[{"href":"https:\/\/baldumarket.lt\/lt\/wp-json\/wp\/v2\/media?parent=90111"}],"wp:term":[{"taxonomy":"product_brand","embeddable":true,"href":"https:\/\/baldumarket.lt\/lt\/wp-json\/wp\/v2\/product_brand?post=90111"},{"taxonomy":"product_cat","embeddable":true,"href":"https:\/\/baldumarket.lt\/lt\/wp-json\/wp\/v2\/product_cat?post=90111"},{"taxonomy":"product_tag","embeddable":true,"href":"https:\/\/baldumarket.lt\/lt\/wp-json\/wp\/v2\/product_tag?post=90111"}],"curies":[{"name":"wp","href":"https:\/\/api.w.org\/{rel}","templated":true}]}}