{"id":90092,"date":"2025-12-05T01:21:19","date_gmt":"2025-12-04T22:21:19","guid":{"rendered":"https:\/\/baldumarket.lt\/product\/szafka-rtv-debowa-retro-rv335-dab-miodowy\/"},"modified":"2026-02-04T00:08:25","modified_gmt":"2026-02-03T21:08:25","slug":"szafka-rtv-debowa-retro-rv335-dab-miodowy","status":"publish","type":"product","link":"https:\/\/baldumarket.lt\/lt\/product\/szafka-rtv-debowa-retro-rv335-dab-miodowy\/","title":{"rendered":"\u0104\u017euolin\u0117 TV spintel\u0117 RETRO RV335 medaus spalvos \u0105\u017euolas"},"content":{"rendered":"<p>\u0104\u017euolin\u0117 spintel\u0117 RV335 yra vienas i\u0161 t\u0173 bald\u0173, kurie patraukia ak\u012f nuo pat \u012f\u017eengimo, tarnaudami kaip multimedijos svetain\u0117s pagrindas. Ji derina modernum\u0105 su vinta\u017einio stiliaus prisilietimu. Sukurta kaip dekoratyvus elementas, masyvus baldas stovi ant auk\u0161t\u0173 kojeli\u0173, suteikdamas visai konstrukcijai lengvumo. Jo stipryb\u0117 slypi funkcionalume. Erdvios spintel\u0117s be ranken\u0117li\u0173 ir stal\u010dius suteikia daug vietos nam\u0173 apyvokos daiktams. Joje yra atvira lentyna televizoriaus ir radijo \u012frangai, kurioje yra specialios laid\u0173 tvarkymo angos ir u\u017etikrinama oro cirkuliacija.<\/p>","protected":false},"excerpt":{"rendered":"<p>\u0104\u017euolin\u0117 spintel\u0117 RV335 yra vienas i\u0161 t\u0173 bald\u0173, kurie patraukia ak\u012f vos \u012f\u017eengus ir tarnauja kaip multimedijos svetain\u0117s pagrindas. Ji derina modernum\u0105 su vinta\u017einio stiliaus prisilietimu. Masyvus, dekoratyvus baldas stovi ant auk\u0161t\u0173 kojeli\u0173, suteikdamas jam lengvumo [\u2026]<\/p>","protected":false},"featured_media":90093,"comment_status":"open","ping_status":"open","template":"","meta":[],"product_brand":[],"product_cat":[9312,2113,1175],"product_tag":[],"class_list":{"0":"post-90092","1":"product","2":"type-product","3":"status-publish","4":"has-post-thumbnail","6":"product_cat-retro-collection-drewmax","7":"product_cat-drewmax","8":"product_cat-tv-stands","10":"first","11":"instock","12":"purchasable","13":"product-type-simple"},"_links":{"self":[{"href":"https:\/\/baldumarket.lt\/lt\/wp-json\/wp\/v2\/product\/90092","targetHints":{"allow":["GET"]}}],"collection":[{"href":"https:\/\/baldumarket.lt\/lt\/wp-json\/wp\/v2\/product"}],"about":[{"href":"https:\/\/baldumarket.lt\/lt\/wp-json\/wp\/v2\/types\/product"}],"replies":[{"embeddable":true,"href":"https:\/\/baldumarket.lt\/lt\/wp-json\/wp\/v2\/comments?post=90092"}],"wp:featuredmedia":[{"embeddable":true,"href":"https:\/\/baldumarket.lt\/lt\/wp-json\/wp\/v2\/media\/90093"}],"wp:attachment":[{"href":"https:\/\/baldumarket.lt\/lt\/wp-json\/wp\/v2\/media?parent=90092"}],"wp:term":[{"taxonomy":"product_brand","embeddable":true,"href":"https:\/\/baldumarket.lt\/lt\/wp-json\/wp\/v2\/product_brand?post=90092"},{"taxonomy":"product_cat","embeddable":true,"href":"https:\/\/baldumarket.lt\/lt\/wp-json\/wp\/v2\/product_cat?post=90092"},{"taxonomy":"product_tag","embeddable":true,"href":"https:\/\/baldumarket.lt\/lt\/wp-json\/wp\/v2\/product_tag?post=90092"}],"curies":[{"name":"wp","href":"https:\/\/api.w.org\/{rel}","templated":true}]}}