{"id":90079,"date":"2025-12-05T01:21:05","date_gmt":"2025-12-04T22:21:05","guid":{"rendered":"https:\/\/baldumarket.lt\/product\/szafka-rtv-debowa-classic-rv352-dab-kakao\/"},"modified":"2026-04-07T00:48:54","modified_gmt":"2026-04-06T21:48:54","slug":"szafka-rtv-debowa-classic-rv352-dab-kakao","status":"publish","type":"product","link":"https:\/\/baldumarket.lt\/lt\/product\/szafka-rtv-debowa-classic-rv352-dab-kakao\/","title":{"rendered":"\u0104\u017euolin\u0117 TV spintel\u0117 CLASSIC RV352 kakavos \u0105\u017euolas"},"content":{"rendered":"<p>RV352 \u0105\u017euolin\u0117 spintel\u0117 \u2013 tai modernus baldas, skirtas funkcionaliai svetainei sutvarkyti. Joje yra viena atvira lentyna televizoriui ir penki stal\u010diai be ranken\u0117li\u0173 nam\u0173 apyvokos daiktams susid\u0117ti.<\/p>","protected":false},"excerpt":{"rendered":"<p>RV352 \u0105\u017euolin\u0117 spintel\u0117 \u2013 tai modernus baldas, skirtas funkcionaliai svetainei sutvarkyti. Joje yra viena atvira lentyna televizoriui ir penki stal\u010diai be ranken\u0117li\u0173 nam\u0173 apyvokos daiktams susid\u0117ti.<\/p>","protected":false},"featured_media":90076,"comment_status":"open","ping_status":"open","template":"","meta":[],"product_brand":[],"product_cat":[9313,2113,1175],"product_tag":[],"class_list":{"0":"post-90079","1":"product","2":"type-product","3":"status-publish","4":"has-post-thumbnail","6":"product_cat-classic-collection-drewmax","7":"product_cat-drewmax","8":"product_cat-tv-stands","10":"first","11":"instock","12":"purchasable","13":"product-type-simple"},"_links":{"self":[{"href":"https:\/\/baldumarket.lt\/lt\/wp-json\/wp\/v2\/product\/90079","targetHints":{"allow":["GET"]}}],"collection":[{"href":"https:\/\/baldumarket.lt\/lt\/wp-json\/wp\/v2\/product"}],"about":[{"href":"https:\/\/baldumarket.lt\/lt\/wp-json\/wp\/v2\/types\/product"}],"replies":[{"embeddable":true,"href":"https:\/\/baldumarket.lt\/lt\/wp-json\/wp\/v2\/comments?post=90079"}],"wp:featuredmedia":[{"embeddable":true,"href":"https:\/\/baldumarket.lt\/lt\/wp-json\/wp\/v2\/media\/90076"}],"wp:attachment":[{"href":"https:\/\/baldumarket.lt\/lt\/wp-json\/wp\/v2\/media?parent=90079"}],"wp:term":[{"taxonomy":"product_brand","embeddable":true,"href":"https:\/\/baldumarket.lt\/lt\/wp-json\/wp\/v2\/product_brand?post=90079"},{"taxonomy":"product_cat","embeddable":true,"href":"https:\/\/baldumarket.lt\/lt\/wp-json\/wp\/v2\/product_cat?post=90079"},{"taxonomy":"product_tag","embeddable":true,"href":"https:\/\/baldumarket.lt\/lt\/wp-json\/wp\/v2\/product_tag?post=90079"}],"curies":[{"name":"wp","href":"https:\/\/api.w.org\/{rel}","templated":true}]}}