{"id":90067,"date":"2025-12-05T01:20:53","date_gmt":"2025-12-04T22:20:53","guid":{"rendered":"https:\/\/baldumarket.lt\/product\/szafka-rtv-metalowo-debowa-metal-rv370-dab-naturalny\/"},"modified":"2026-02-04T00:08:29","modified_gmt":"2026-02-03T21:08:29","slug":"szafka-rtv-metalowo-debowa-metal-rv370-dab-naturalny","status":"publish","type":"product","link":"https:\/\/baldumarket.lt\/lt\/product\/szafka-rtv-metalowo-debowa-metal-rv370-dab-naturalny\/","title":{"rendered":"Metalin\u0117 ir \u0105\u017euolin\u0117 TV spintel\u0117 METAL RV370 nat\u016bralaus \u0105\u017euolo spalvos"},"content":{"rendered":"<p>RV370 televizoriaus staliukas yra ne tik ne\u012ftik\u0117tinai funkcionalus, bet ir gali b\u016bti unikalus bet kokio interjero papildymas. Pagamintas i\u0161 tvirtos \u0105\u017euolo medienos ir juodo metalo derinio, jis turi du funkcionalius stal\u010dius ir viet\u0105 televizoriui bei elektronikai. Medin\u012f stalvir\u0161\u012f galima naudoti dekoratyviniams daiktams, pavyzd\u017eiui, nuotraukoms ar \u0161eimos relikvijoms, eksponuoti. Unikalus dizainas puikiai tinka moderniam, stilingam interjerui.<\/p>","protected":false},"excerpt":{"rendered":"<p>RV370 televizoriaus staliukas yra ne tik ne\u012ftik\u0117tinai funkcionalus, bet ir gali b\u016bti unikalus bet kokio interjero papildymas. Pagamintas i\u0161 tvirtos \u0105\u017euolo medienos ir juodo metalo derinio, jis turi du funkcionalius stal\u010dius ir viet\u0105 televizoriui bei elektronikai. Medinis stalvir\u0161is gali b\u016bti naudojamas dekoratyviniams daiktams, pavyzd\u017eiui, nuotraukoms ar [\u2026], eksponuoti.<\/p>","protected":false},"featured_media":90068,"comment_status":"open","ping_status":"open","template":"","meta":[],"product_brand":[],"product_cat":[9316,2113,1175],"product_tag":[],"class_list":{"0":"post-90067","1":"product","2":"type-product","3":"status-publish","4":"has-post-thumbnail","6":"product_cat-metal-collection-drewmax","7":"product_cat-drewmax","8":"product_cat-tv-stands","10":"first","11":"instock","12":"purchasable","13":"product-type-simple"},"_links":{"self":[{"href":"https:\/\/baldumarket.lt\/lt\/wp-json\/wp\/v2\/product\/90067","targetHints":{"allow":["GET"]}}],"collection":[{"href":"https:\/\/baldumarket.lt\/lt\/wp-json\/wp\/v2\/product"}],"about":[{"href":"https:\/\/baldumarket.lt\/lt\/wp-json\/wp\/v2\/types\/product"}],"replies":[{"embeddable":true,"href":"https:\/\/baldumarket.lt\/lt\/wp-json\/wp\/v2\/comments?post=90067"}],"wp:featuredmedia":[{"embeddable":true,"href":"https:\/\/baldumarket.lt\/lt\/wp-json\/wp\/v2\/media\/90068"}],"wp:attachment":[{"href":"https:\/\/baldumarket.lt\/lt\/wp-json\/wp\/v2\/media?parent=90067"}],"wp:term":[{"taxonomy":"product_brand","embeddable":true,"href":"https:\/\/baldumarket.lt\/lt\/wp-json\/wp\/v2\/product_brand?post=90067"},{"taxonomy":"product_cat","embeddable":true,"href":"https:\/\/baldumarket.lt\/lt\/wp-json\/wp\/v2\/product_cat?post=90067"},{"taxonomy":"product_tag","embeddable":true,"href":"https:\/\/baldumarket.lt\/lt\/wp-json\/wp\/v2\/product_tag?post=90067"}],"curies":[{"name":"wp","href":"https:\/\/api.w.org\/{rel}","templated":true}]}}