{"id":90058,"date":"2025-12-05T01:20:44","date_gmt":"2025-12-04T22:20:44","guid":{"rendered":"https:\/\/baldumarket.lt\/product\/szafka-rtv-sosnowa-doulis-rv108-sosna-naturalny\/"},"modified":"2026-02-04T00:08:31","modified_gmt":"2026-02-03T21:08:31","slug":"szafka-rtv-sosnowa-doulis-rv108-sosna-naturalny","status":"publish","type":"product","link":"https:\/\/baldumarket.lt\/lt\/product\/szafka-rtv-sosnowa-doulis-rv108-sosna-naturalny\/","title":{"rendered":"Pu\u0161in\u0117 TV spintel\u0117 DOULIS RV108 nat\u016brali pu\u0161is"},"content":{"rendered":"<p>RV108 \u2013 tai ma\u017eas, bet funkcionalus televizoriaus staliukas, maksimaliai i\u0161naudojantis ribotos erdv\u0117s potencial\u0105. Atviros lentynos, per vis\u0105 stal\u010diaus plot\u012f, puikiai tinka televizijos \u012frangai eksponuoti, o prakti\u0161kas stal\u010dius po lentyna \u2013 smulkiems nieku\u010diams susid\u0117ti. Pagamintas i\u0161 tvirtos pu\u0161ies medienos, jis puikiai der\u0117s prie klasikinio ir kitokio interjero.<\/p>","protected":false},"excerpt":{"rendered":"<p>RV108 \u2013 tai ma\u017eas, bet funkcionalus televizoriaus staliukas, maksimaliai i\u0161naudojantis ribotos erdv\u0117s potencial\u0105. Atviros lentynos, viso stal\u010diaus plo\u010dio, puikiai tinka televizijos \u012frangai eksponuoti, o prakti\u0161kas stal\u010dius po lentyna \u2013 smulkiems nieku\u010diams susid\u0117ti. Pagamintas i\u0161 tvirtos pu\u0161ies medienos, jis puikiai der\u0117s prie klasikinio interjero ir [\u2026]<\/p>","protected":false},"featured_media":82557,"comment_status":"open","ping_status":"open","template":"","meta":[],"product_brand":[],"product_cat":[9319,2113,1175],"product_tag":[],"class_list":{"0":"post-90058","1":"product","2":"type-product","3":"status-publish","4":"has-post-thumbnail","6":"product_cat-doulis-collection-drewmax","7":"product_cat-drewmax","8":"product_cat-tv-stands","10":"first","11":"instock","12":"purchasable","13":"product-type-simple"},"_links":{"self":[{"href":"https:\/\/baldumarket.lt\/lt\/wp-json\/wp\/v2\/product\/90058","targetHints":{"allow":["GET"]}}],"collection":[{"href":"https:\/\/baldumarket.lt\/lt\/wp-json\/wp\/v2\/product"}],"about":[{"href":"https:\/\/baldumarket.lt\/lt\/wp-json\/wp\/v2\/types\/product"}],"replies":[{"embeddable":true,"href":"https:\/\/baldumarket.lt\/lt\/wp-json\/wp\/v2\/comments?post=90058"}],"wp:featuredmedia":[{"embeddable":true,"href":"https:\/\/baldumarket.lt\/lt\/wp-json\/wp\/v2\/media\/82557"}],"wp:attachment":[{"href":"https:\/\/baldumarket.lt\/lt\/wp-json\/wp\/v2\/media?parent=90058"}],"wp:term":[{"taxonomy":"product_brand","embeddable":true,"href":"https:\/\/baldumarket.lt\/lt\/wp-json\/wp\/v2\/product_brand?post=90058"},{"taxonomy":"product_cat","embeddable":true,"href":"https:\/\/baldumarket.lt\/lt\/wp-json\/wp\/v2\/product_cat?post=90058"},{"taxonomy":"product_tag","embeddable":true,"href":"https:\/\/baldumarket.lt\/lt\/wp-json\/wp\/v2\/product_tag?post=90058"}],"curies":[{"name":"wp","href":"https:\/\/api.w.org\/{rel}","templated":true}]}}