{"id":90057,"date":"2025-12-05T01:20:43","date_gmt":"2025-12-04T22:20:43","guid":{"rendered":"https:\/\/baldumarket.lt\/product\/szafka-rtv-sosnowa-mugo-rv128-sosna-dab\/"},"modified":"2026-02-04T00:08:31","modified_gmt":"2026-02-03T21:08:31","slug":"szafka-rtv-sosnowa-mugo-rv128-sosna-dab","status":"publish","type":"product","link":"https:\/\/baldumarket.lt\/lt\/product\/szafka-rtv-sosnowa-mugo-rv128-sosna-dab\/","title":{"rendered":"Pu\u0161in\u0117 TV spintel\u0117 MUGO RV128 pu\u0161is \u0105\u017euolas"},"content":{"rendered":"<p>RV128 \u2013 tai labai erdvus ir funkcionalus televizoriaus staliukas, pagamintas vien i\u0161 tvirtos pu\u0161ies medienos. Pla\u010dios atviros lentynos puikiai tinka televizoriaus \u012frangai eksponuoti, o prakti\u0161kuose stal\u010diuose ir lentynose telpa knygos, dokumentai ar kiti nam\u0173 apyvokos daiktai. \u0160is modelis puikiai der\u0117s tiek prie klasikinio, tiek prie kito interjero.<\/p>","protected":false},"excerpt":{"rendered":"<p>RV128 \u2013 tai labai erdvus ir funkcionalus televizoriaus staliukas, pagamintas vien i\u0161 tvirtos pu\u0161ies medienos. Pla\u010dios atviros lentynos puikiai tinka televizoriaus \u012frangai eksponuoti, o prakti\u0161kuose stal\u010diuose ir lentynose telpa knygos, dokumentai ar kiti nam\u0173 apyvokos daiktai. \u0160is modelis puikiai der\u0117s tiek prie klasikinio, tiek prie kito interjero.<\/p>","protected":false},"featured_media":90044,"comment_status":"open","ping_status":"open","template":"","meta":[],"product_brand":[],"product_cat":[9320,2113,1175],"product_tag":[],"class_list":{"0":"post-90057","1":"product","2":"type-product","3":"status-publish","4":"has-post-thumbnail","6":"product_cat-mugo-collection-drewmax","7":"product_cat-drewmax","8":"product_cat-tv-stands","10":"first","11":"instock","12":"purchasable","13":"product-type-simple"},"_links":{"self":[{"href":"https:\/\/baldumarket.lt\/lt\/wp-json\/wp\/v2\/product\/90057","targetHints":{"allow":["GET"]}}],"collection":[{"href":"https:\/\/baldumarket.lt\/lt\/wp-json\/wp\/v2\/product"}],"about":[{"href":"https:\/\/baldumarket.lt\/lt\/wp-json\/wp\/v2\/types\/product"}],"replies":[{"embeddable":true,"href":"https:\/\/baldumarket.lt\/lt\/wp-json\/wp\/v2\/comments?post=90057"}],"wp:featuredmedia":[{"embeddable":true,"href":"https:\/\/baldumarket.lt\/lt\/wp-json\/wp\/v2\/media\/90044"}],"wp:attachment":[{"href":"https:\/\/baldumarket.lt\/lt\/wp-json\/wp\/v2\/media?parent=90057"}],"wp:term":[{"taxonomy":"product_brand","embeddable":true,"href":"https:\/\/baldumarket.lt\/lt\/wp-json\/wp\/v2\/product_brand?post=90057"},{"taxonomy":"product_cat","embeddable":true,"href":"https:\/\/baldumarket.lt\/lt\/wp-json\/wp\/v2\/product_cat?post=90057"},{"taxonomy":"product_tag","embeddable":true,"href":"https:\/\/baldumarket.lt\/lt\/wp-json\/wp\/v2\/product_tag?post=90057"}],"curies":[{"name":"wp","href":"https:\/\/api.w.org\/{rel}","templated":true}]}}