{"id":90014,"date":"2025-12-05T01:19:59","date_gmt":"2025-12-04T22:19:59","guid":{"rendered":"https:\/\/baldumarket.lt\/product\/szuflada-bukowa-lk179-buk-naturalny\/"},"modified":"2026-02-04T00:08:40","modified_gmt":"2026-02-03T21:08:40","slug":"szuflada-bukowa-lk179-buk-naturalny","status":"publish","type":"product","link":"https:\/\/baldumarket.lt\/lt\/product\/szuflada-bukowa-lk179-buk-naturalny\/","title":{"rendered":"Buko stal\u010dius LK179 nat\u016bralus bukas"},"content":{"rendered":"<p>Buko patalyn\u0117s stal\u010dius LK179, skirtas \u012fstumti po lova, yra idealus sprendimas ma\u017eoms erdv\u0117ms.<\/p>\n<p>Puikiai tinka patalynei, pagalv\u0117ms ir antklod\u0117ms laikyti. Skland\u0173 veikim\u0105 u\u017etikrina apa\u010dioje sumontuoti ratukai.<\/p>\n<p>MATMENYS:<\/p>\n<p>Plotis: 197 cm \u2013 per vis\u0105 lovos ilg\u012f<\/p>\n<p>Gylis: 57 cm \u2013 skirtas 120 cm plo\u010dio lovoms. Kito standartinio plo\u010dio lovoms rinkit\u0117s stal\u010di\u0173 LK172.<\/p>\n<p>Auk\u0161tis: 24 cm<\/p>\n<p>Patikrinkite MATMEN\u0172 LENTEL\u0118, ar \u0161is stal\u010dius tinka j\u016bs\u0173 pasirinktam lovos modeliui.<\/p>","protected":false},"excerpt":{"rendered":"<p>Buko medienos patalyn\u0117s stal\u010dius LK179, skirtas \u012fstumti po lova, yra idealus sprendimas ma\u017eoms erdv\u0117ms. Jis puikiai tinka patalynei, pagalv\u0117ms ir antklod\u0117ms laikyti. Skland\u0173 veikim\u0105 u\u017etikrina apa\u010dioje sumontuoti ratukai. MATMENYS: Plotis: 197 cm \u2013 visas lovos ilgis Gylis: 57 cm \u2013 skirtas lovoms su [\u2026]<\/p>","protected":false},"featured_media":82549,"comment_status":"open","ping_status":"open","template":"","meta":[],"product_brand":[],"product_cat":[9304,9317,9251,2113],"product_tag":[],"class_list":{"0":"post-90014","1":"product","2":"type-product","3":"status-publish","4":"has-post-thumbnail","6":"product_cat-beech-furniture-drewmax","7":"product_cat-collection-rustikal-drewmax","8":"product_cat-musor","9":"product_cat-drewmax","11":"first","12":"instock","13":"purchasable","14":"product-type-simple"},"_links":{"self":[{"href":"https:\/\/baldumarket.lt\/lt\/wp-json\/wp\/v2\/product\/90014","targetHints":{"allow":["GET"]}}],"collection":[{"href":"https:\/\/baldumarket.lt\/lt\/wp-json\/wp\/v2\/product"}],"about":[{"href":"https:\/\/baldumarket.lt\/lt\/wp-json\/wp\/v2\/types\/product"}],"replies":[{"embeddable":true,"href":"https:\/\/baldumarket.lt\/lt\/wp-json\/wp\/v2\/comments?post=90014"}],"wp:featuredmedia":[{"embeddable":true,"href":"https:\/\/baldumarket.lt\/lt\/wp-json\/wp\/v2\/media\/82549"}],"wp:attachment":[{"href":"https:\/\/baldumarket.lt\/lt\/wp-json\/wp\/v2\/media?parent=90014"}],"wp:term":[{"taxonomy":"product_brand","embeddable":true,"href":"https:\/\/baldumarket.lt\/lt\/wp-json\/wp\/v2\/product_brand?post=90014"},{"taxonomy":"product_cat","embeddable":true,"href":"https:\/\/baldumarket.lt\/lt\/wp-json\/wp\/v2\/product_cat?post=90014"},{"taxonomy":"product_tag","embeddable":true,"href":"https:\/\/baldumarket.lt\/lt\/wp-json\/wp\/v2\/product_tag?post=90014"}],"curies":[{"name":"wp","href":"https:\/\/api.w.org\/{rel}","templated":true}]}}