{"id":89941,"date":"2025-12-05T01:18:48","date_gmt":"2025-12-04T22:18:48","guid":{"rendered":"https:\/\/baldumarket.lt\/product\/toaletka-bukowa-vip-lt401-buk-cherry\/"},"modified":"2026-02-04T00:08:57","modified_gmt":"2026-02-03T21:08:57","slug":"toaletka-bukowa-vip-lt401-buk-cherry","status":"publish","type":"product","link":"https:\/\/baldumarket.lt\/lt\/product\/toaletka-bukowa-vip-lt401-buk-cherry\/","title":{"rendered":"Buko spalvos tualetinis staliukas VIP LT401, buko vy\u0161nios spalvos"},"content":{"rendered":"<p>Klasikinis LT401 tualetinis staliukas pagamintas i\u0161 tvirtos buko medienos. Paprastas dizainas puikiai tinka moderniems miegamiesiems. Po erdviu stalvir\u0161iu yra du stal\u010diai, puikiai tinkantys laikyti m\u0117gstam\u0105 kosmetik\u0105 ir papuo\u0161alus.<\/p>","protected":false},"excerpt":{"rendered":"<p>Klasikinis LT401 tualetinis staliukas pagamintas i\u0161 tvirtos buko medienos. Paprastas dizainas puikiai tinka moderniems miegamiesiems. Po erdviu stalvir\u0161iu yra du stal\u010diai, puikiai tinkantys laikyti m\u0117gstam\u0105 kosmetik\u0105 ir papuo\u0161alus.<\/p>","protected":false},"featured_media":81948,"comment_status":"open","ping_status":"open","template":"","meta":[],"product_brand":[],"product_cat":[9314,1237,2113],"product_tag":[],"class_list":{"0":"post-89941","1":"product","2":"type-product","3":"status-publish","4":"has-post-thumbnail","6":"product_cat-kolekcja-vip-drewmax","7":"product_cat-dressing-tables","8":"product_cat-drewmax","10":"first","11":"instock","12":"purchasable","13":"product-type-simple"},"_links":{"self":[{"href":"https:\/\/baldumarket.lt\/lt\/wp-json\/wp\/v2\/product\/89941","targetHints":{"allow":["GET"]}}],"collection":[{"href":"https:\/\/baldumarket.lt\/lt\/wp-json\/wp\/v2\/product"}],"about":[{"href":"https:\/\/baldumarket.lt\/lt\/wp-json\/wp\/v2\/types\/product"}],"replies":[{"embeddable":true,"href":"https:\/\/baldumarket.lt\/lt\/wp-json\/wp\/v2\/comments?post=89941"}],"wp:featuredmedia":[{"embeddable":true,"href":"https:\/\/baldumarket.lt\/lt\/wp-json\/wp\/v2\/media\/81948"}],"wp:attachment":[{"href":"https:\/\/baldumarket.lt\/lt\/wp-json\/wp\/v2\/media?parent=89941"}],"wp:term":[{"taxonomy":"product_brand","embeddable":true,"href":"https:\/\/baldumarket.lt\/lt\/wp-json\/wp\/v2\/product_brand?post=89941"},{"taxonomy":"product_cat","embeddable":true,"href":"https:\/\/baldumarket.lt\/lt\/wp-json\/wp\/v2\/product_cat?post=89941"},{"taxonomy":"product_tag","embeddable":true,"href":"https:\/\/baldumarket.lt\/lt\/wp-json\/wp\/v2\/product_tag?post=89941"}],"curies":[{"name":"wp","href":"https:\/\/api.w.org\/{rel}","templated":true}]}}