{"id":89937,"date":"2025-12-05T01:18:42","date_gmt":"2025-12-04T22:18:42","guid":{"rendered":"https:\/\/baldumarket.lt\/product\/toaletka-bukowa-vip-lt401-buk-rustikal\/"},"modified":"2026-02-04T00:08:58","modified_gmt":"2026-02-03T21:08:58","slug":"toaletka-bukowa-vip-lt401-buk-rustikal","status":"publish","type":"product","link":"https:\/\/baldumarket.lt\/lt\/product\/toaletka-bukowa-vip-lt401-buk-rustikal\/","title":{"rendered":"Buko tualetinis staliukas VIP LT401, kaimi\u0161ko buko spalvos"},"content":{"rendered":"<p>Klasikinis LT401 tualetinis staliukas pagamintas i\u0161 tvirtos buko medienos. Paprastas dizainas puikiai tinka moderniems miegamiesiems. Po erdviu stalvir\u0161iu yra du stal\u010diai, puikiai tinkantys laikyti m\u0117gstam\u0105 kosmetik\u0105 ir papuo\u0161alus.<\/p>","protected":false},"excerpt":{"rendered":"<p>Klasikinis LT401 tualetinis staliukas pagamintas i\u0161 tvirtos buko medienos. Paprastas dizainas puikiai tinka moderniems miegamiesiems. Po erdviu stalvir\u0161iu yra du stal\u010diai, puikiai tinkantys laikyti m\u0117gstam\u0105 kosmetik\u0105 ir papuo\u0161alus.<\/p>","protected":false},"featured_media":81948,"comment_status":"open","ping_status":"open","template":"","meta":[],"product_brand":[],"product_cat":[9317,9314,1237,2113],"product_tag":[],"class_list":{"0":"post-89937","1":"product","2":"type-product","3":"status-publish","4":"has-post-thumbnail","6":"product_cat-collection-rustikal-drewmax","7":"product_cat-kolekcja-vip-drewmax","8":"product_cat-dressing-tables","9":"product_cat-drewmax","11":"first","12":"instock","13":"purchasable","14":"product-type-simple"},"_links":{"self":[{"href":"https:\/\/baldumarket.lt\/lt\/wp-json\/wp\/v2\/product\/89937","targetHints":{"allow":["GET"]}}],"collection":[{"href":"https:\/\/baldumarket.lt\/lt\/wp-json\/wp\/v2\/product"}],"about":[{"href":"https:\/\/baldumarket.lt\/lt\/wp-json\/wp\/v2\/types\/product"}],"replies":[{"embeddable":true,"href":"https:\/\/baldumarket.lt\/lt\/wp-json\/wp\/v2\/comments?post=89937"}],"wp:featuredmedia":[{"embeddable":true,"href":"https:\/\/baldumarket.lt\/lt\/wp-json\/wp\/v2\/media\/81948"}],"wp:attachment":[{"href":"https:\/\/baldumarket.lt\/lt\/wp-json\/wp\/v2\/media?parent=89937"}],"wp:term":[{"taxonomy":"product_brand","embeddable":true,"href":"https:\/\/baldumarket.lt\/lt\/wp-json\/wp\/v2\/product_brand?post=89937"},{"taxonomy":"product_cat","embeddable":true,"href":"https:\/\/baldumarket.lt\/lt\/wp-json\/wp\/v2\/product_cat?post=89937"},{"taxonomy":"product_tag","embeddable":true,"href":"https:\/\/baldumarket.lt\/lt\/wp-json\/wp\/v2\/product_tag?post=89937"}],"curies":[{"name":"wp","href":"https:\/\/api.w.org\/{rel}","templated":true}]}}