{"id":89934,"date":"2025-12-05T01:18:39","date_gmt":"2025-12-04T22:18:39","guid":{"rendered":"https:\/\/baldumarket.lt\/product\/toaletka-bukowa-retro-lt432-buk-rustikal\/"},"modified":"2026-02-04T00:08:59","modified_gmt":"2026-02-03T21:08:59","slug":"toaletka-bukowa-retro-lt432-buk-rustikal","status":"publish","type":"product","link":"https:\/\/baldumarket.lt\/lt\/product\/toaletka-bukowa-retro-lt432-buk-rustikal\/","title":{"rendered":"Buko tualetinis staliukas RETRO LT432 kaimi\u0161ko buko"},"content":{"rendered":"<p>LT432 buko medienos tualetinis staliukas puikiai tinka koridoriui, miegamajam, biurui ar svetainei. Paprastas, ta\u010diau unikalus dizainas paver\u010dia j\u012f unikaliu bet kurio kambario akcentu. Pagamintas i\u0161 tvirtos buko medienos, jis suteiks jaukumo bet kokiam interjerui.<\/p>","protected":false},"excerpt":{"rendered":"<p>LT432 buko medienos tualetinis staliukas puikiai tinka koridoriui, miegamajam, biurui ar svetainei. Paprastas, ta\u010diau unikalus dizainas paver\u010dia j\u012f unikaliu bet kurio kambario akcentu. Pagamintas i\u0161 tvirtos buko medienos, jis suteiks jaukumo bet kokiam interjerui.<\/p>","protected":false},"featured_media":81941,"comment_status":"open","ping_status":"open","template":"","meta":[],"product_brand":[],"product_cat":[9317,9312,1237,2113],"product_tag":[],"class_list":{"0":"post-89934","1":"product","2":"type-product","3":"status-publish","4":"has-post-thumbnail","6":"product_cat-collection-rustikal-drewmax","7":"product_cat-retro-collection-drewmax","8":"product_cat-dressing-tables","9":"product_cat-drewmax","11":"first","12":"instock","13":"purchasable","14":"product-type-simple"},"_links":{"self":[{"href":"https:\/\/baldumarket.lt\/lt\/wp-json\/wp\/v2\/product\/89934","targetHints":{"allow":["GET"]}}],"collection":[{"href":"https:\/\/baldumarket.lt\/lt\/wp-json\/wp\/v2\/product"}],"about":[{"href":"https:\/\/baldumarket.lt\/lt\/wp-json\/wp\/v2\/types\/product"}],"replies":[{"embeddable":true,"href":"https:\/\/baldumarket.lt\/lt\/wp-json\/wp\/v2\/comments?post=89934"}],"wp:featuredmedia":[{"embeddable":true,"href":"https:\/\/baldumarket.lt\/lt\/wp-json\/wp\/v2\/media\/81941"}],"wp:attachment":[{"href":"https:\/\/baldumarket.lt\/lt\/wp-json\/wp\/v2\/media?parent=89934"}],"wp:term":[{"taxonomy":"product_brand","embeddable":true,"href":"https:\/\/baldumarket.lt\/lt\/wp-json\/wp\/v2\/product_brand?post=89934"},{"taxonomy":"product_cat","embeddable":true,"href":"https:\/\/baldumarket.lt\/lt\/wp-json\/wp\/v2\/product_cat?post=89934"},{"taxonomy":"product_tag","embeddable":true,"href":"https:\/\/baldumarket.lt\/lt\/wp-json\/wp\/v2\/product_tag?post=89934"}],"curies":[{"name":"wp","href":"https:\/\/api.w.org\/{rel}","templated":true}]}}