{"id":89930,"date":"2025-12-05T01:18:33","date_gmt":"2025-12-04T22:18:33","guid":{"rendered":"https:\/\/baldumarket.lt\/product\/toaletka-debowa-vip-lt301-dab-dark\/"},"modified":"2026-02-04T00:08:59","modified_gmt":"2026-02-03T21:08:59","slug":"toaletka-debowa-vip-lt301-dab-dark","status":"publish","type":"product","link":"https:\/\/baldumarket.lt\/lt\/product\/toaletka-debowa-vip-lt301-dab-dark\/","title":{"rendered":"VIP LT301 \u0105\u017euolinis tualetinis staliukas, tamsaus \u0105\u017euolo spalvos"},"content":{"rendered":"<p>Klasikinis \u0105\u017euolinis LT301 tualetinis staliukas puikiai tiks moderniuose miegamuosiuose. Jis pasi\u017eymi paprastu dizainu, erdviu stalvir\u0161iu ir dviem erdviais stal\u010diais apa\u010dioje. \u0160is paprastas, ta\u010diau unikalus baldas buvo sukurtas kosmetikai ar papuo\u0161alams laikyti.<\/p>","protected":false},"excerpt":{"rendered":"<p>Klasikinis \u0105\u017euolinis LT301 tualetinis staliukas puikiai tiks moderniuose miegamuosiuose. Jis pasi\u017eymi paprastu dizainu, erdviu stalvir\u0161iu ir dviem erdviais stal\u010diais apa\u010dioje. \u0160is paprastas, ta\u010diau unikalus baldas buvo sukurtas kosmetikai ar papuo\u0161alams laikyti.<\/p>","protected":false},"featured_media":89916,"comment_status":"open","ping_status":"open","template":"","meta":[],"product_brand":[],"product_cat":[9314,1237,2113],"product_tag":[],"class_list":{"0":"post-89930","1":"product","2":"type-product","3":"status-publish","4":"has-post-thumbnail","6":"product_cat-kolekcja-vip-drewmax","7":"product_cat-dressing-tables","8":"product_cat-drewmax","10":"first","11":"instock","12":"purchasable","13":"product-type-simple"},"_links":{"self":[{"href":"https:\/\/baldumarket.lt\/lt\/wp-json\/wp\/v2\/product\/89930","targetHints":{"allow":["GET"]}}],"collection":[{"href":"https:\/\/baldumarket.lt\/lt\/wp-json\/wp\/v2\/product"}],"about":[{"href":"https:\/\/baldumarket.lt\/lt\/wp-json\/wp\/v2\/types\/product"}],"replies":[{"embeddable":true,"href":"https:\/\/baldumarket.lt\/lt\/wp-json\/wp\/v2\/comments?post=89930"}],"wp:featuredmedia":[{"embeddable":true,"href":"https:\/\/baldumarket.lt\/lt\/wp-json\/wp\/v2\/media\/89916"}],"wp:attachment":[{"href":"https:\/\/baldumarket.lt\/lt\/wp-json\/wp\/v2\/media?parent=89930"}],"wp:term":[{"taxonomy":"product_brand","embeddable":true,"href":"https:\/\/baldumarket.lt\/lt\/wp-json\/wp\/v2\/product_brand?post=89930"},{"taxonomy":"product_cat","embeddable":true,"href":"https:\/\/baldumarket.lt\/lt\/wp-json\/wp\/v2\/product_cat?post=89930"},{"taxonomy":"product_tag","embeddable":true,"href":"https:\/\/baldumarket.lt\/lt\/wp-json\/wp\/v2\/product_tag?post=89930"}],"curies":[{"name":"wp","href":"https:\/\/api.w.org\/{rel}","templated":true}]}}