{"id":89929,"date":"2025-12-05T01:18:32","date_gmt":"2025-12-04T22:18:32","guid":{"rendered":"https:\/\/baldumarket.lt\/product\/toaletka-debowa-retro-lt332-dab-naturalny\/"},"modified":"2026-02-04T00:09:00","modified_gmt":"2026-02-03T21:09:00","slug":"toaletka-debowa-retro-lt332-dab-naturalny","status":"publish","type":"product","link":"https:\/\/baldumarket.lt\/lt\/product\/toaletka-debowa-retro-lt332-dab-naturalny\/","title":{"rendered":"\u0104\u017euolinis tualetinis staliukas RETRO LT332, nat\u016bralus \u0105\u017euolas"},"content":{"rendered":"<p>\u0104\u017euolinis LT332 tualetinis staliukas puikiai tinka koridoriui, miegamajam, biurui ar svetainei. Paprastas, ta\u010diau unikalus dizainas paver\u010dia j\u012f unikaliu bet kurio kambario akcentu. Pagamintas i\u0161 tvirtos \u0105\u017euolo medienos, jis suteiks jaukumo bet kokiam interjerui.<\/p>","protected":false},"excerpt":{"rendered":"<p>\u0104\u017euolinis LT332 tualetinis staliukas puikiai tinka koridoriui, miegamajam, biurui ar svetainei. Paprastas, ta\u010diau unikalus dizainas paver\u010dia j\u012f unikaliu bet kurio kambario akcentu. Pagamintas i\u0161 tvirtos \u0105\u017euolo medienos, jis suteiks jaukumo bet kokiam interjerui.<\/p>","protected":false},"featured_media":89921,"comment_status":"open","ping_status":"open","template":"","meta":[],"product_brand":[],"product_cat":[9312,1237,2113],"product_tag":[],"class_list":{"0":"post-89929","1":"product","2":"type-product","3":"status-publish","4":"has-post-thumbnail","6":"product_cat-retro-collection-drewmax","7":"product_cat-dressing-tables","8":"product_cat-drewmax","10":"first","11":"instock","12":"purchasable","13":"product-type-simple"},"_links":{"self":[{"href":"https:\/\/baldumarket.lt\/lt\/wp-json\/wp\/v2\/product\/89929","targetHints":{"allow":["GET"]}}],"collection":[{"href":"https:\/\/baldumarket.lt\/lt\/wp-json\/wp\/v2\/product"}],"about":[{"href":"https:\/\/baldumarket.lt\/lt\/wp-json\/wp\/v2\/types\/product"}],"replies":[{"embeddable":true,"href":"https:\/\/baldumarket.lt\/lt\/wp-json\/wp\/v2\/comments?post=89929"}],"wp:featuredmedia":[{"embeddable":true,"href":"https:\/\/baldumarket.lt\/lt\/wp-json\/wp\/v2\/media\/89921"}],"wp:attachment":[{"href":"https:\/\/baldumarket.lt\/lt\/wp-json\/wp\/v2\/media?parent=89929"}],"wp:term":[{"taxonomy":"product_brand","embeddable":true,"href":"https:\/\/baldumarket.lt\/lt\/wp-json\/wp\/v2\/product_brand?post=89929"},{"taxonomy":"product_cat","embeddable":true,"href":"https:\/\/baldumarket.lt\/lt\/wp-json\/wp\/v2\/product_cat?post=89929"},{"taxonomy":"product_tag","embeddable":true,"href":"https:\/\/baldumarket.lt\/lt\/wp-json\/wp\/v2\/product_tag?post=89929"}],"curies":[{"name":"wp","href":"https:\/\/api.w.org\/{rel}","templated":true}]}}