{"id":89912,"date":"2025-12-05T01:18:14","date_gmt":"2025-12-04T22:18:14","guid":{"rendered":"https:\/\/baldumarket.lt\/product\/toaletka-metalowo-debowa-metal-lt370-dab-dark\/"},"modified":"2026-02-04T00:09:02","modified_gmt":"2026-02-03T21:09:02","slug":"toaletka-metalowo-debowa-metal-lt370-dab-dark","status":"publish","type":"product","link":"https:\/\/baldumarket.lt\/lt\/product\/toaletka-metalowo-debowa-metal-lt370-dab-dark\/","title":{"rendered":"Metalinis ir \u0105\u017euolinis tualetinis staliukas METAL LT370 tamsaus \u0105\u017euolo"},"content":{"rendered":"<p>LT370 tualetinis staliukas puikiai tinka koridoriui, miegamajam, biurui ar svetainei. Paprastas, ta\u010diau unikalus dizainas paver\u010dia j\u012f unikaliu bet kurio kambario akcentu. Pagamintas i\u0161 tvirtos \u0105\u017euolo medienos ir juodo metalo, jis suteiks unikalaus charakterio bet kokiam interjerui.<\/p>","protected":false},"excerpt":{"rendered":"<p>LT370 tualetinis staliukas puikiai tinka koridoriui, miegamajam, biurui ar svetainei. Paprastas, ta\u010diau unikalus dizainas paver\u010dia j\u012f unikaliu bet kurio kambario akcentu. Pagamintas i\u0161 tvirtos \u0105\u017euolo medienos ir juodo metalo, jis suteiks unikalaus charakterio bet kokiam interjerui.<\/p>","protected":false},"featured_media":89907,"comment_status":"open","ping_status":"open","template":"","meta":[],"product_brand":[],"product_cat":[9316,1237,2113],"product_tag":[],"class_list":{"0":"post-89912","1":"product","2":"type-product","3":"status-publish","4":"has-post-thumbnail","6":"product_cat-metal-collection-drewmax","7":"product_cat-dressing-tables","8":"product_cat-drewmax","10":"first","11":"instock","12":"purchasable","13":"product-type-simple"},"_links":{"self":[{"href":"https:\/\/baldumarket.lt\/lt\/wp-json\/wp\/v2\/product\/89912","targetHints":{"allow":["GET"]}}],"collection":[{"href":"https:\/\/baldumarket.lt\/lt\/wp-json\/wp\/v2\/product"}],"about":[{"href":"https:\/\/baldumarket.lt\/lt\/wp-json\/wp\/v2\/types\/product"}],"replies":[{"embeddable":true,"href":"https:\/\/baldumarket.lt\/lt\/wp-json\/wp\/v2\/comments?post=89912"}],"wp:featuredmedia":[{"embeddable":true,"href":"https:\/\/baldumarket.lt\/lt\/wp-json\/wp\/v2\/media\/89907"}],"wp:attachment":[{"href":"https:\/\/baldumarket.lt\/lt\/wp-json\/wp\/v2\/media?parent=89912"}],"wp:term":[{"taxonomy":"product_brand","embeddable":true,"href":"https:\/\/baldumarket.lt\/lt\/wp-json\/wp\/v2\/product_brand?post=89912"},{"taxonomy":"product_cat","embeddable":true,"href":"https:\/\/baldumarket.lt\/lt\/wp-json\/wp\/v2\/product_cat?post=89912"},{"taxonomy":"product_tag","embeddable":true,"href":"https:\/\/baldumarket.lt\/lt\/wp-json\/wp\/v2\/product_tag?post=89912"}],"curies":[{"name":"wp","href":"https:\/\/api.w.org\/{rel}","templated":true}]}}