{"id":89904,"date":"2025-12-05T01:18:06","date_gmt":"2025-12-04T22:18:06","guid":{"rendered":"https:\/\/baldumarket.lt\/product\/wieszak-bukowy-ws141-buk-dab\/"},"modified":"2026-02-04T00:09:03","modified_gmt":"2026-02-03T21:09:03","slug":"wieszak-bukowy-ws141-buk-dab","status":"publish","type":"product","link":"https:\/\/baldumarket.lt\/lt\/product\/wieszak-bukowy-ws141-buk-dab\/","title":{"rendered":"Buko pakaba WS141 buko \u0105\u017euolo"},"content":{"rendered":"<p>Klasikin\u0117, laisvai pastatoma WS141 palt\u0173 kabykla puikiai tinka prie\u0161kambariui ar biurui. Pagaminta i\u0161 tvirtos buko medienos, jos paprastas dizainas papildo modern\u0173 ir stiling\u0105 interjer\u0105.<\/p>","protected":false},"excerpt":{"rendered":"<p>Klasikin\u0117, laisvai pastatoma WS141 palt\u0173 kabykla puikiai tinka prie\u0161kambariui ar biurui. Pagaminta i\u0161 tvirtos buko medienos, jos paprastas dizainas papildo modern\u0173 ir stiling\u0105 interjer\u0105.<\/p>","protected":false},"featured_media":89888,"comment_status":"open","ping_status":"open","template":"","meta":[],"product_brand":[],"product_cat":[9307,2113,1931],"product_tag":[],"class_list":{"0":"post-89904","1":"product","2":"type-product","3":"status-publish","4":"has-post-thumbnail","6":"product_cat-garden-furniture-drewmax","7":"product_cat-drewmax","8":"product_cat-hangers","10":"first","11":"instock","12":"purchasable","13":"product-type-simple"},"_links":{"self":[{"href":"https:\/\/baldumarket.lt\/lt\/wp-json\/wp\/v2\/product\/89904","targetHints":{"allow":["GET"]}}],"collection":[{"href":"https:\/\/baldumarket.lt\/lt\/wp-json\/wp\/v2\/product"}],"about":[{"href":"https:\/\/baldumarket.lt\/lt\/wp-json\/wp\/v2\/types\/product"}],"replies":[{"embeddable":true,"href":"https:\/\/baldumarket.lt\/lt\/wp-json\/wp\/v2\/comments?post=89904"}],"wp:featuredmedia":[{"embeddable":true,"href":"https:\/\/baldumarket.lt\/lt\/wp-json\/wp\/v2\/media\/89888"}],"wp:attachment":[{"href":"https:\/\/baldumarket.lt\/lt\/wp-json\/wp\/v2\/media?parent=89904"}],"wp:term":[{"taxonomy":"product_brand","embeddable":true,"href":"https:\/\/baldumarket.lt\/lt\/wp-json\/wp\/v2\/product_brand?post=89904"},{"taxonomy":"product_cat","embeddable":true,"href":"https:\/\/baldumarket.lt\/lt\/wp-json\/wp\/v2\/product_cat?post=89904"},{"taxonomy":"product_tag","embeddable":true,"href":"https:\/\/baldumarket.lt\/lt\/wp-json\/wp\/v2\/product_tag?post=89904"}],"curies":[{"name":"wp","href":"https:\/\/api.w.org\/{rel}","templated":true}]}}