{"id":89902,"date":"2025-12-05T01:18:04","date_gmt":"2025-12-04T22:18:04","guid":{"rendered":"https:\/\/baldumarket.lt\/product\/wieszak-bukowy-ws140-buk-olcha\/"},"modified":"2026-02-04T00:09:04","modified_gmt":"2026-02-03T21:09:04","slug":"wieszak-bukowy-ws140-buk-olcha","status":"publish","type":"product","link":"https:\/\/baldumarket.lt\/lt\/product\/wieszak-bukowy-ws140-buk-olcha\/","title":{"rendered":"Buko pakaba WS140 buko alksnio"},"content":{"rendered":"<p>Unikali laisvai pastatoma drabu\u017ei\u0173 kabykla WS140 pagaminta i\u0161 tvirtos buko medienos. Ji turi dviej\u0173 auk\u0161\u010di\u0173 kabliukus, tod\u0117l net j\u016bs\u0173 vaikas gal\u0117s lengvai pakabinti drabu\u017eius.<\/p>","protected":false},"excerpt":{"rendered":"<p>Unikali laisvai pastatoma drabu\u017ei\u0173 kabykla WS140 pagaminta i\u0161 tvirtos buko medienos. Ji turi dviej\u0173 auk\u0161\u010di\u0173 kabliukus, tod\u0117l net j\u016bs\u0173 vaikas gal\u0117s lengvai pakabinti drabu\u017eius.<\/p>","protected":false},"featured_media":89900,"comment_status":"open","ping_status":"open","template":"","meta":[],"product_brand":[],"product_cat":[9307,2113,1931],"product_tag":[],"class_list":{"0":"post-89902","1":"product","2":"type-product","3":"status-publish","4":"has-post-thumbnail","6":"product_cat-garden-furniture-drewmax","7":"product_cat-drewmax","8":"product_cat-hangers","10":"first","11":"instock","12":"purchasable","13":"product-type-simple"},"_links":{"self":[{"href":"https:\/\/baldumarket.lt\/lt\/wp-json\/wp\/v2\/product\/89902","targetHints":{"allow":["GET"]}}],"collection":[{"href":"https:\/\/baldumarket.lt\/lt\/wp-json\/wp\/v2\/product"}],"about":[{"href":"https:\/\/baldumarket.lt\/lt\/wp-json\/wp\/v2\/types\/product"}],"replies":[{"embeddable":true,"href":"https:\/\/baldumarket.lt\/lt\/wp-json\/wp\/v2\/comments?post=89902"}],"wp:featuredmedia":[{"embeddable":true,"href":"https:\/\/baldumarket.lt\/lt\/wp-json\/wp\/v2\/media\/89900"}],"wp:attachment":[{"href":"https:\/\/baldumarket.lt\/lt\/wp-json\/wp\/v2\/media?parent=89902"}],"wp:term":[{"taxonomy":"product_brand","embeddable":true,"href":"https:\/\/baldumarket.lt\/lt\/wp-json\/wp\/v2\/product_brand?post=89902"},{"taxonomy":"product_cat","embeddable":true,"href":"https:\/\/baldumarket.lt\/lt\/wp-json\/wp\/v2\/product_cat?post=89902"},{"taxonomy":"product_tag","embeddable":true,"href":"https:\/\/baldumarket.lt\/lt\/wp-json\/wp\/v2\/product_tag?post=89902"}],"curies":[{"name":"wp","href":"https:\/\/api.w.org\/{rel}","templated":true}]}}