{"id":89886,"date":"2025-12-05T01:17:50","date_gmt":"2025-12-04T22:17:50","guid":{"rendered":"https:\/\/baldumarket.lt\/product\/wieszak-sosnowy-ws103-sosna-naturalny\/"},"modified":"2026-02-04T00:09:07","modified_gmt":"2026-02-03T21:09:07","slug":"wieszak-sosnowy-ws103-sosna-naturalny","status":"publish","type":"product","link":"https:\/\/baldumarket.lt\/lt\/product\/wieszak-sosnowy-ws103-sosna-naturalny\/","title":{"rendered":"Pu\u0161inis pakabukas WS103 nat\u016bralus pu\u0161is"},"content":{"rendered":"<p>Medinis ir funkcionalus sieninis drabu\u017ei\u0173 kabykla WS103 prie\u0161kambariui pagamintas i\u0161 masyvios pu\u0161ies medienos. Jis turi metalinius kabliukus drabu\u017eiams ir nedidel\u0119 lentyn\u0117l\u0119. Jis puikiai dera klasikiniame, tradiciniame interjere.<\/p>","protected":false},"excerpt":{"rendered":"<p>Medinis ir funkcionalus sieninis drabu\u017ei\u0173 kabykla WS103 prie\u0161kambariui pagamintas i\u0161 masyvios pu\u0161ies medienos. Jis turi metalinius kabliukus drabu\u017eiams ir nedidel\u0119 lentyn\u0117l\u0119. Jis puikiai dera klasikiniame, tradiciniame interjere.<\/p>","protected":false},"featured_media":89882,"comment_status":"open","ping_status":"open","template":"","meta":[],"product_brand":[],"product_cat":[9307,2113,1931],"product_tag":[],"class_list":{"0":"post-89886","1":"product","2":"type-product","3":"status-publish","4":"has-post-thumbnail","6":"product_cat-garden-furniture-drewmax","7":"product_cat-drewmax","8":"product_cat-hangers","10":"first","11":"instock","12":"purchasable","13":"product-type-simple"},"_links":{"self":[{"href":"https:\/\/baldumarket.lt\/lt\/wp-json\/wp\/v2\/product\/89886","targetHints":{"allow":["GET"]}}],"collection":[{"href":"https:\/\/baldumarket.lt\/lt\/wp-json\/wp\/v2\/product"}],"about":[{"href":"https:\/\/baldumarket.lt\/lt\/wp-json\/wp\/v2\/types\/product"}],"replies":[{"embeddable":true,"href":"https:\/\/baldumarket.lt\/lt\/wp-json\/wp\/v2\/comments?post=89886"}],"wp:featuredmedia":[{"embeddable":true,"href":"https:\/\/baldumarket.lt\/lt\/wp-json\/wp\/v2\/media\/89882"}],"wp:attachment":[{"href":"https:\/\/baldumarket.lt\/lt\/wp-json\/wp\/v2\/media?parent=89886"}],"wp:term":[{"taxonomy":"product_brand","embeddable":true,"href":"https:\/\/baldumarket.lt\/lt\/wp-json\/wp\/v2\/product_brand?post=89886"},{"taxonomy":"product_cat","embeddable":true,"href":"https:\/\/baldumarket.lt\/lt\/wp-json\/wp\/v2\/product_cat?post=89886"},{"taxonomy":"product_tag","embeddable":true,"href":"https:\/\/baldumarket.lt\/lt\/wp-json\/wp\/v2\/product_tag?post=89886"}],"curies":[{"name":"wp","href":"https:\/\/api.w.org\/{rel}","templated":true}]}}