{"id":89857,"date":"2025-12-05T01:17:23","date_gmt":"2025-12-04T22:17:23","guid":{"rendered":"https:\/\/baldumarket.lt\/product\/wieszak-sosnowy-ws132-sosna-olcha\/"},"modified":"2026-02-04T00:09:13","modified_gmt":"2026-02-03T21:09:13","slug":"wieszak-sosnowy-ws132-sosna-olcha","status":"publish","type":"product","link":"https:\/\/baldumarket.lt\/lt\/product\/wieszak-sosnowy-ws132-sosna-olcha\/","title":{"rendered":"Pu\u0161inis pakabukas WS132 pu\u0161is alksnis"},"content":{"rendered":"<p>Medinis ir funkcionalus sieninis palt\u0173 kabykla WS132, skirta prie\u0161kambariui, pagaminta i\u0161 pu\u0161ies masyvo. Ji turi medinius kabliukus drabu\u017eiams ir lentyn\u0105. Ji puikiai dera klasikiniame, tradiciniame interjere.<\/p>","protected":false},"excerpt":{"rendered":"<p>Medinis ir funkcionalus sieninis palt\u0173 kabykla WS132, skirta prie\u0161kambariui, pagaminta i\u0161 pu\u0161ies masyvo. Ji turi medinius kabliukus drabu\u017eiams ir lentyn\u0105. Ji puikiai dera klasikiniame, tradiciniame interjere.<\/p>","protected":false},"featured_media":89858,"comment_status":"open","ping_status":"open","template":"","meta":[],"product_brand":[],"product_cat":[9307,2113,1931],"product_tag":[],"class_list":{"0":"post-89857","1":"product","2":"type-product","3":"status-publish","4":"has-post-thumbnail","6":"product_cat-garden-furniture-drewmax","7":"product_cat-drewmax","8":"product_cat-hangers","10":"first","11":"instock","12":"purchasable","13":"product-type-simple"},"_links":{"self":[{"href":"https:\/\/baldumarket.lt\/lt\/wp-json\/wp\/v2\/product\/89857","targetHints":{"allow":["GET"]}}],"collection":[{"href":"https:\/\/baldumarket.lt\/lt\/wp-json\/wp\/v2\/product"}],"about":[{"href":"https:\/\/baldumarket.lt\/lt\/wp-json\/wp\/v2\/types\/product"}],"replies":[{"embeddable":true,"href":"https:\/\/baldumarket.lt\/lt\/wp-json\/wp\/v2\/comments?post=89857"}],"wp:featuredmedia":[{"embeddable":true,"href":"https:\/\/baldumarket.lt\/lt\/wp-json\/wp\/v2\/media\/89858"}],"wp:attachment":[{"href":"https:\/\/baldumarket.lt\/lt\/wp-json\/wp\/v2\/media?parent=89857"}],"wp:term":[{"taxonomy":"product_brand","embeddable":true,"href":"https:\/\/baldumarket.lt\/lt\/wp-json\/wp\/v2\/product_brand?post=89857"},{"taxonomy":"product_cat","embeddable":true,"href":"https:\/\/baldumarket.lt\/lt\/wp-json\/wp\/v2\/product_cat?post=89857"},{"taxonomy":"product_tag","embeddable":true,"href":"https:\/\/baldumarket.lt\/lt\/wp-json\/wp\/v2\/product_tag?post=89857"}],"curies":[{"name":"wp","href":"https:\/\/api.w.org\/{rel}","templated":true}]}}