{"id":89834,"date":"2025-12-05T01:16:54","date_gmt":"2025-12-04T22:16:54","guid":{"rendered":"https:\/\/baldumarket.lt\/product\/witryna-bukowa-vip-kw403-prawa-buk-bielony\/"},"modified":"2026-02-04T00:09:18","modified_gmt":"2026-02-03T21:09:18","slug":"witryna-bukowa-vip-kw403-prawa-buk-bielony","status":"publish","type":"product","link":"https:\/\/baldumarket.lt\/lt\/product\/witryna-bukowa-vip-kw403-prawa-buk-bielony\/","title":{"rendered":"VIP buko vitrina KW403 RIGHT, balintas bukas"},"content":{"rendered":"<p>Buko medienos vitrina KW403 leid\u017eia sukurti \u0161ilt\u0105, jauk\u0173, ta\u010diau stiling\u0105 ir modern\u0173 valgomojo ar svetain\u0117s interjer\u0105. Joje yra didel\u0117s, erdvios lentynos, puikiai tinkan\u010dios laikyti piet\u0173 servizus, knygas ar \u0161eimos relikvijas, kurias norite eksponuoti. Vitrinoje taip pat yra stal\u010dius ir u\u017edaras skyrius.<\/p>","protected":false},"excerpt":{"rendered":"<p>Buko medienos vitrina KW403 leid\u017eia sukurti \u0161ilt\u0105, jauk\u0173, ta\u010diau stiling\u0105 ir modern\u0173 valgomojo ar svetain\u0117s interjer\u0105. Joje yra didel\u0117s, erdvios lentynos, puikiai tinkan\u010dios laikyti piet\u0173 servizus, knygas ar \u0161eimos relikvijas, kurias norite eksponuoti. Vitrinoje taip pat yra stal\u010dius ir u\u017edaras skyrius.<\/p>","protected":false},"featured_media":89829,"comment_status":"open","ping_status":"open","template":"","meta":[],"product_brand":[],"product_cat":[9314,2113,2006],"product_tag":[],"class_list":{"0":"post-89834","1":"product","2":"type-product","3":"status-publish","4":"has-post-thumbnail","6":"product_cat-kolekcja-vip-drewmax","7":"product_cat-drewmax","8":"product_cat-vitrines","10":"first","11":"instock","12":"purchasable","13":"product-type-simple"},"_links":{"self":[{"href":"https:\/\/baldumarket.lt\/lt\/wp-json\/wp\/v2\/product\/89834","targetHints":{"allow":["GET"]}}],"collection":[{"href":"https:\/\/baldumarket.lt\/lt\/wp-json\/wp\/v2\/product"}],"about":[{"href":"https:\/\/baldumarket.lt\/lt\/wp-json\/wp\/v2\/types\/product"}],"replies":[{"embeddable":true,"href":"https:\/\/baldumarket.lt\/lt\/wp-json\/wp\/v2\/comments?post=89834"}],"wp:featuredmedia":[{"embeddable":true,"href":"https:\/\/baldumarket.lt\/lt\/wp-json\/wp\/v2\/media\/89829"}],"wp:attachment":[{"href":"https:\/\/baldumarket.lt\/lt\/wp-json\/wp\/v2\/media?parent=89834"}],"wp:term":[{"taxonomy":"product_brand","embeddable":true,"href":"https:\/\/baldumarket.lt\/lt\/wp-json\/wp\/v2\/product_brand?post=89834"},{"taxonomy":"product_cat","embeddable":true,"href":"https:\/\/baldumarket.lt\/lt\/wp-json\/wp\/v2\/product_cat?post=89834"},{"taxonomy":"product_tag","embeddable":true,"href":"https:\/\/baldumarket.lt\/lt\/wp-json\/wp\/v2\/product_tag?post=89834"}],"curies":[{"name":"wp","href":"https:\/\/api.w.org\/{rel}","templated":true}]}}