{"id":89824,"date":"2025-12-05T01:16:44","date_gmt":"2025-12-04T22:16:44","guid":{"rendered":"https:\/\/baldumarket.lt\/product\/witryna-bukowa-vip-kw404-buk-naturalny\/"},"modified":"2026-02-04T00:09:20","modified_gmt":"2026-02-03T21:09:20","slug":"witryna-bukowa-vip-kw404-buk-naturalny","status":"publish","type":"product","link":"https:\/\/baldumarket.lt\/lt\/product\/witryna-bukowa-vip-kw404-buk-naturalny\/","title":{"rendered":"VIP buko vitrina KW404 nat\u016bralaus buko"},"content":{"rendered":"<p>KW404 buko medienos vitrina leid\u017eia sukurti \u0161ilt\u0105, jauki\u0105, ta\u010diau stiling\u0105 ir modern\u0173 vaizd\u0105 valgomajame ar svetain\u0117je. Sukurta taip, kad erdviose spintel\u0117se ir stal\u010diuose tilpt\u0173 nam\u0173 apyvokos daiktai, o atvirose lentynose \u2013 \u0161eimos relikvijos, nuotraukos ar knygos. Ji yra ir gra\u017ei, ir funkcionali. Nat\u016brali buko medienos tekst\u016bra suteikia jai unikal\u0173 charakter\u012f.<\/p>\n<p>Spintel\u0117s turi po vien\u0105 lentyn\u0105.<\/p>","protected":false},"excerpt":{"rendered":"<p>KW404 buko medienos vitrina leid\u017eia sukurti \u0161ilt\u0105, jauki\u0105, ta\u010diau stiling\u0105 ir modern\u0173 vaizd\u0105 valgomajame ar svetain\u0117je. Sukurta taip, kad erdviose spintel\u0117se ir stal\u010diuose tilpt\u0173 nam\u0173 apyvokos daiktai, o atvirose lentynose \u2013 \u0161eimos relikvijos, nuotraukos ar knygos. Ji yra ir gra\u017ei, ir funkcionali. Nat\u016bralus buko medienos ra\u0161tas [\u2026]<\/p>","protected":false},"featured_media":82234,"comment_status":"open","ping_status":"open","template":"","meta":[],"product_brand":[],"product_cat":[9314,2113,2006],"product_tag":[],"class_list":{"0":"post-89824","1":"product","2":"type-product","3":"status-publish","4":"has-post-thumbnail","6":"product_cat-kolekcja-vip-drewmax","7":"product_cat-drewmax","8":"product_cat-vitrines","10":"first","11":"instock","12":"purchasable","13":"product-type-simple"},"_links":{"self":[{"href":"https:\/\/baldumarket.lt\/lt\/wp-json\/wp\/v2\/product\/89824","targetHints":{"allow":["GET"]}}],"collection":[{"href":"https:\/\/baldumarket.lt\/lt\/wp-json\/wp\/v2\/product"}],"about":[{"href":"https:\/\/baldumarket.lt\/lt\/wp-json\/wp\/v2\/types\/product"}],"replies":[{"embeddable":true,"href":"https:\/\/baldumarket.lt\/lt\/wp-json\/wp\/v2\/comments?post=89824"}],"wp:featuredmedia":[{"embeddable":true,"href":"https:\/\/baldumarket.lt\/lt\/wp-json\/wp\/v2\/media\/82234"}],"wp:attachment":[{"href":"https:\/\/baldumarket.lt\/lt\/wp-json\/wp\/v2\/media?parent=89824"}],"wp:term":[{"taxonomy":"product_brand","embeddable":true,"href":"https:\/\/baldumarket.lt\/lt\/wp-json\/wp\/v2\/product_brand?post=89824"},{"taxonomy":"product_cat","embeddable":true,"href":"https:\/\/baldumarket.lt\/lt\/wp-json\/wp\/v2\/product_cat?post=89824"},{"taxonomy":"product_tag","embeddable":true,"href":"https:\/\/baldumarket.lt\/lt\/wp-json\/wp\/v2\/product_tag?post=89824"}],"curies":[{"name":"wp","href":"https:\/\/api.w.org\/{rel}","templated":true}]}}