{"id":89796,"date":"2025-12-05T01:15:52","date_gmt":"2025-12-04T22:15:52","guid":{"rendered":"https:\/\/baldumarket.lt\/product\/witryna-bukowa-retro-kw438-prawa-buk-cherry\/"},"modified":"2026-02-04T00:09:45","modified_gmt":"2026-02-03T21:09:45","slug":"witryna-bukowa-retro-kw438-prawa-buk-cherry","status":"publish","type":"product","link":"https:\/\/baldumarket.lt\/lt\/product\/witryna-bukowa-retro-kw438-prawa-buk-cherry\/","title":{"rendered":"RETRO buko vitrina KW438 DE\u0160IN\u0116 buko vy\u0161nios spalvos"},"content":{"rendered":"<p>Buko medienos vitrina KW438 \u2013 tai naujas \u201eRetro\u201c kolekcijos papildymas, pagamintas i\u0161 buko medienos. Klasikin\u0117 jos i\u0161vaizda puikiai tiks tiek tradiciniame, tiek moderniame interjere. Dydis yra pagrindinis privalumas, leid\u017eiantis jai papildyti net ma\u017e\u0105 svetain\u0119 ar valgom\u0105j\u012f. Lentynos u\u017e stiklin\u0117s plok\u0161t\u0117s leid\u017eia eksponuoti suvenyrus, papuo\u0161alus ar gra\u017eius indus. Apatiniai stal\u010diai yra naudingi smulkiems daiktams laikyti. Nat\u016brali spintel\u0117s spalva leis sukurti unikali\u0105, jauki\u0105 atmosfer\u0105 valgomajame ar svetain\u0117je.<\/p>","protected":false},"excerpt":{"rendered":"<p>KW438 buko medienos vitrina yra naujas \u201eRetro\u201c kolekcijos papildymas, pagamintas i\u0161 buko medienos. Klasikin\u0117 i\u0161vaizda puikiai tiks tiek tradiciniame, tiek moderniame interjere. Dydis yra pagrindinis privalumas, leid\u017eiantis jai papildyti net ma\u017e\u0105 svetain\u0119 ar valgom\u0105j\u012f. Lentynos u\u017e stiklin\u0117s plok\u0161t\u0117s leid\u017eia [\u2026]<\/p>","protected":false},"featured_media":89788,"comment_status":"open","ping_status":"open","template":"","meta":[],"product_brand":[],"product_cat":[9312,2113,2006],"product_tag":[],"class_list":{"0":"post-89796","1":"product","2":"type-product","3":"status-publish","4":"has-post-thumbnail","6":"product_cat-retro-collection-drewmax","7":"product_cat-drewmax","8":"product_cat-vitrines","10":"first","11":"instock","12":"purchasable","13":"product-type-simple"},"_links":{"self":[{"href":"https:\/\/baldumarket.lt\/lt\/wp-json\/wp\/v2\/product\/89796","targetHints":{"allow":["GET"]}}],"collection":[{"href":"https:\/\/baldumarket.lt\/lt\/wp-json\/wp\/v2\/product"}],"about":[{"href":"https:\/\/baldumarket.lt\/lt\/wp-json\/wp\/v2\/types\/product"}],"replies":[{"embeddable":true,"href":"https:\/\/baldumarket.lt\/lt\/wp-json\/wp\/v2\/comments?post=89796"}],"wp:featuredmedia":[{"embeddable":true,"href":"https:\/\/baldumarket.lt\/lt\/wp-json\/wp\/v2\/media\/89788"}],"wp:attachment":[{"href":"https:\/\/baldumarket.lt\/lt\/wp-json\/wp\/v2\/media?parent=89796"}],"wp:term":[{"taxonomy":"product_brand","embeddable":true,"href":"https:\/\/baldumarket.lt\/lt\/wp-json\/wp\/v2\/product_brand?post=89796"},{"taxonomy":"product_cat","embeddable":true,"href":"https:\/\/baldumarket.lt\/lt\/wp-json\/wp\/v2\/product_cat?post=89796"},{"taxonomy":"product_tag","embeddable":true,"href":"https:\/\/baldumarket.lt\/lt\/wp-json\/wp\/v2\/product_tag?post=89796"}],"curies":[{"name":"wp","href":"https:\/\/api.w.org\/{rel}","templated":true}]}}