{"id":89776,"date":"2025-12-05T01:15:30","date_gmt":"2025-12-04T22:15:30","guid":{"rendered":"https:\/\/baldumarket.lt\/product\/witryna-bukowa-retro-kw439-buk-bielony\/"},"modified":"2026-02-04T00:09:47","modified_gmt":"2026-02-03T21:09:47","slug":"witryna-bukowa-retro-kw439-buk-bielony","status":"publish","type":"product","link":"https:\/\/baldumarket.lt\/lt\/product\/witryna-bukowa-retro-kw439-buk-bielony\/","title":{"rendered":"RETRO buko vitrina KW439 balintas bukas"},"content":{"rendered":"<p>Buko medienos vitrina KW439 yra naujas \u201eRetro\u201c kolekcijos papildymas. Tai dviguba vitrina, pagaminta i\u0161 buko medienos. Klasikin\u0117 jos i\u0161vaizda puikiai der\u0117s tiek prie tradicinio, tiek prie modernaus j\u016bs\u0173 nam\u0173 interjero. Pagrindinis \u0161ios vitrinos privalumas yra dydis, leid\u017eiantis jai papildyti net ma\u017e\u0105 svetain\u0119 ar valgom\u0105j\u012f. Lentynos u\u017e stiklin\u0117s plok\u0161t\u0117s leid\u017eia eksponuoti suvenyrus, papuo\u0161alus ar gra\u017eius indus. Apatiniai stal\u010diai yra naudingi smulkiems daiktams laikyti. Nat\u016brali \u0161io baldo spalva leis jums sukurti unikali\u0105, jauki\u0105 atmosfer\u0105 savo valgomajame ar svetain\u0117je.<\/p>","protected":false},"excerpt":{"rendered":"<p>Buko medienos vitrina KW439 yra naujas \u201eRetro\u201c kolekcijos papildymas. Tai dviguba vitrina, pagaminta i\u0161 buko medienos. Klasikin\u0117 i\u0161vaizda puikiai der\u0117s tiek prie tradicinio, tiek prie modernaus j\u016bs\u0173 nam\u0173 interjero. Pagrindinis \u0161ios vitrinos privalumas yra dydis, leid\u017eiantis jai papildyti net ir nedidel\u0119 svetain\u0119 [\u2026]<\/p>","protected":false},"featured_media":89777,"comment_status":"open","ping_status":"open","template":"","meta":[],"product_brand":[],"product_cat":[9312,2113,2006],"product_tag":[],"class_list":{"0":"post-89776","1":"product","2":"type-product","3":"status-publish","4":"has-post-thumbnail","6":"product_cat-retro-collection-drewmax","7":"product_cat-drewmax","8":"product_cat-vitrines","10":"first","11":"instock","12":"purchasable","13":"product-type-simple"},"_links":{"self":[{"href":"https:\/\/baldumarket.lt\/lt\/wp-json\/wp\/v2\/product\/89776","targetHints":{"allow":["GET"]}}],"collection":[{"href":"https:\/\/baldumarket.lt\/lt\/wp-json\/wp\/v2\/product"}],"about":[{"href":"https:\/\/baldumarket.lt\/lt\/wp-json\/wp\/v2\/types\/product"}],"replies":[{"embeddable":true,"href":"https:\/\/baldumarket.lt\/lt\/wp-json\/wp\/v2\/comments?post=89776"}],"wp:featuredmedia":[{"embeddable":true,"href":"https:\/\/baldumarket.lt\/lt\/wp-json\/wp\/v2\/media\/89777"}],"wp:attachment":[{"href":"https:\/\/baldumarket.lt\/lt\/wp-json\/wp\/v2\/media?parent=89776"}],"wp:term":[{"taxonomy":"product_brand","embeddable":true,"href":"https:\/\/baldumarket.lt\/lt\/wp-json\/wp\/v2\/product_brand?post=89776"},{"taxonomy":"product_cat","embeddable":true,"href":"https:\/\/baldumarket.lt\/lt\/wp-json\/wp\/v2\/product_cat?post=89776"},{"taxonomy":"product_tag","embeddable":true,"href":"https:\/\/baldumarket.lt\/lt\/wp-json\/wp\/v2\/product_tag?post=89776"}],"curies":[{"name":"wp","href":"https:\/\/api.w.org\/{rel}","templated":true}]}}