{"id":89759,"date":"2025-12-05T01:15:11","date_gmt":"2025-12-04T22:15:11","guid":{"rendered":"https:\/\/baldumarket.lt\/product\/witryna-debowa-vip-kw304-dab-dark\/"},"modified":"2026-02-04T00:09:50","modified_gmt":"2026-02-03T21:09:50","slug":"witryna-debowa-vip-kw304-dab-dark","status":"publish","type":"product","link":"https:\/\/baldumarket.lt\/lt\/product\/witryna-debowa-vip-kw304-dab-dark\/","title":{"rendered":"VIP \u0105\u017euolin\u0117 vitrina KW304 tamsaus \u0105\u017euolo"},"content":{"rendered":"<p>Pagaminta i\u0161 tvirtos \u0105\u017euolo medienos, KW304 vitrina j\u016bs\u0173 valgomajame ar svetain\u0117je sukuria \u0161ilt\u0105, jauki\u0105, ta\u010diau stiling\u0105 ir modern\u0173 vaizd\u0105. Tur\u0117dama \u0161e\u0161ias atviras lentynas, du stal\u010dius ir dvi u\u017edaras lentynas apa\u010dioje, ji puikiai tinka knygoms, \u0161eimos relikvijoms ar kitiems daiktams laikyti.<\/p>","protected":false},"excerpt":{"rendered":"<p>Pagaminta i\u0161 tvirtos \u0105\u017euolo medienos, KW304 vitrina j\u016bs\u0173 valgomajame ar svetain\u0117je sukuria \u0161ilt\u0105, jauki\u0105, ta\u010diau stiling\u0105 ir modern\u0173 vaizd\u0105. Tur\u0117dama \u0161e\u0161ias atviras lentynas, du stal\u010dius ir dvi u\u017edaras lentynas apa\u010dioje, ji puikiai tinka knygoms, \u0161eimos relikvijoms ar kitiems daiktams laikyti.<\/p>","protected":false},"featured_media":89754,"comment_status":"open","ping_status":"open","template":"","meta":[],"product_brand":[],"product_cat":[9314,2113,2006],"product_tag":[],"class_list":{"0":"post-89759","1":"product","2":"type-product","3":"status-publish","4":"has-post-thumbnail","6":"product_cat-kolekcja-vip-drewmax","7":"product_cat-drewmax","8":"product_cat-vitrines","10":"first","11":"instock","12":"purchasable","13":"product-type-simple"},"_links":{"self":[{"href":"https:\/\/baldumarket.lt\/lt\/wp-json\/wp\/v2\/product\/89759","targetHints":{"allow":["GET"]}}],"collection":[{"href":"https:\/\/baldumarket.lt\/lt\/wp-json\/wp\/v2\/product"}],"about":[{"href":"https:\/\/baldumarket.lt\/lt\/wp-json\/wp\/v2\/types\/product"}],"replies":[{"embeddable":true,"href":"https:\/\/baldumarket.lt\/lt\/wp-json\/wp\/v2\/comments?post=89759"}],"wp:featuredmedia":[{"embeddable":true,"href":"https:\/\/baldumarket.lt\/lt\/wp-json\/wp\/v2\/media\/89754"}],"wp:attachment":[{"href":"https:\/\/baldumarket.lt\/lt\/wp-json\/wp\/v2\/media?parent=89759"}],"wp:term":[{"taxonomy":"product_brand","embeddable":true,"href":"https:\/\/baldumarket.lt\/lt\/wp-json\/wp\/v2\/product_brand?post=89759"},{"taxonomy":"product_cat","embeddable":true,"href":"https:\/\/baldumarket.lt\/lt\/wp-json\/wp\/v2\/product_cat?post=89759"},{"taxonomy":"product_tag","embeddable":true,"href":"https:\/\/baldumarket.lt\/lt\/wp-json\/wp\/v2\/product_tag?post=89759"}],"curies":[{"name":"wp","href":"https:\/\/api.w.org\/{rel}","templated":true}]}}