{"id":89748,"date":"2025-12-05T01:14:57","date_gmt":"2025-12-04T22:14:57","guid":{"rendered":"https:\/\/baldumarket.lt\/product\/witryna-debowa-vip-kw307-dab-dark\/"},"modified":"2026-02-04T00:09:53","modified_gmt":"2026-02-03T21:09:53","slug":"witryna-debowa-vip-kw307-dab-dark","status":"publish","type":"product","link":"https:\/\/baldumarket.lt\/lt\/product\/witryna-debowa-vip-kw307-dab-dark\/","title":{"rendered":"VIP \u0105\u017euolin\u0117 vitrina KW307 tamsaus \u0105\u017euolo"},"content":{"rendered":"<p>\u0104\u017euolin\u0117 vitrina KW307 leid\u017eia sukurti \u0161ilt\u0105, jauki\u0105, ta\u010diau stiling\u0105 ir modern\u0173 valgomojo ar svetain\u0117s \u012fvaizd\u012f. Didel\u0117 stiklin\u0117 vitrina ir du erdv\u016bs stal\u010diai puikiai tinka laikyti piet\u0173 servizus ar \u0161eimos relikvijas, kurias nor\u0117tum\u0117te eksponuoti.<\/p>","protected":false},"excerpt":{"rendered":"<p>\u0104\u017euolin\u0117 vitrina KW307 leid\u017eia sukurti \u0161ilt\u0105, jauki\u0105, ta\u010diau stiling\u0105 ir modern\u0173 valgomojo ar svetain\u0117s \u012fvaizd\u012f. Didel\u0117 stiklin\u0117 vitrina ir du erdv\u016bs stal\u010diai puikiai tinka laikyti piet\u0173 servizus ar \u0161eimos relikvijas, kurias nor\u0117tum\u0117te eksponuoti.<\/p>","protected":false},"featured_media":89743,"comment_status":"open","ping_status":"open","template":"","meta":[],"product_brand":[],"product_cat":[9314,2113,2006],"product_tag":[],"class_list":{"0":"post-89748","1":"product","2":"type-product","3":"status-publish","4":"has-post-thumbnail","6":"product_cat-kolekcja-vip-drewmax","7":"product_cat-drewmax","8":"product_cat-vitrines","10":"first","11":"instock","12":"purchasable","13":"product-type-simple"},"_links":{"self":[{"href":"https:\/\/baldumarket.lt\/lt\/wp-json\/wp\/v2\/product\/89748","targetHints":{"allow":["GET"]}}],"collection":[{"href":"https:\/\/baldumarket.lt\/lt\/wp-json\/wp\/v2\/product"}],"about":[{"href":"https:\/\/baldumarket.lt\/lt\/wp-json\/wp\/v2\/types\/product"}],"replies":[{"embeddable":true,"href":"https:\/\/baldumarket.lt\/lt\/wp-json\/wp\/v2\/comments?post=89748"}],"wp:featuredmedia":[{"embeddable":true,"href":"https:\/\/baldumarket.lt\/lt\/wp-json\/wp\/v2\/media\/89743"}],"wp:attachment":[{"href":"https:\/\/baldumarket.lt\/lt\/wp-json\/wp\/v2\/media?parent=89748"}],"wp:term":[{"taxonomy":"product_brand","embeddable":true,"href":"https:\/\/baldumarket.lt\/lt\/wp-json\/wp\/v2\/product_brand?post=89748"},{"taxonomy":"product_cat","embeddable":true,"href":"https:\/\/baldumarket.lt\/lt\/wp-json\/wp\/v2\/product_cat?post=89748"},{"taxonomy":"product_tag","embeddable":true,"href":"https:\/\/baldumarket.lt\/lt\/wp-json\/wp\/v2\/product_tag?post=89748"}],"curies":[{"name":"wp","href":"https:\/\/api.w.org\/{rel}","templated":true}]}}