{"id":89745,"date":"2025-12-05T01:14:55","date_gmt":"2025-12-04T22:14:55","guid":{"rendered":"https:\/\/baldumarket.lt\/product\/witryna-debowa-vip-kw306-prawa-dab-naturalny\/"},"modified":"2026-02-04T00:09:53","modified_gmt":"2026-02-03T21:09:53","slug":"witryna-debowa-vip-kw306-prawa-dab-naturalny","status":"publish","type":"product","link":"https:\/\/baldumarket.lt\/lt\/product\/witryna-debowa-vip-kw306-prawa-dab-naturalny\/","title":{"rendered":"\u0104\u017euolin\u0117 vitrina VIP KW306 RIGHT nat\u016bralus \u0105\u017euolas"},"content":{"rendered":"<p>Pagaminta i\u0161 tvirtos \u0105\u017euolo medienos, KW306 vitrina j\u016bs\u0173 valgomajame ar svetain\u0117je sukuria \u0161ilt\u0105, jauki\u0105, ta\u010diau stiling\u0105 ir modern\u0173 vaizd\u0105. Trij\u0173 pusi\u0173 stiklin\u0117 vitrina su stiklin\u0117mis lentynomis, stal\u010diumi ir u\u017edara lentyna puikiai tinka \u0161eimos relikvijoms eksponuoti.<\/p>","protected":false},"excerpt":{"rendered":"<p>Pagaminta i\u0161 tvirtos \u0105\u017euolo medienos, KW306 vitrina j\u016bs\u0173 valgomajame ar svetain\u0117je sukuria \u0161ilt\u0105, jauki\u0105, ta\u010diau stiling\u0105 ir modern\u0173 vaizd\u0105. Trij\u0173 pusi\u0173 stiklin\u0117 vitrina su stiklin\u0117mis lentynomis, stal\u010diumi ir u\u017edara lentyna puikiai tinka \u0161eimos relikvijoms eksponuoti.<\/p>","protected":false},"featured_media":89746,"comment_status":"open","ping_status":"open","template":"","meta":[],"product_brand":[],"product_cat":[9314,2113,2006],"product_tag":[],"class_list":{"0":"post-89745","1":"product","2":"type-product","3":"status-publish","4":"has-post-thumbnail","6":"product_cat-kolekcja-vip-drewmax","7":"product_cat-drewmax","8":"product_cat-vitrines","10":"first","11":"instock","12":"purchasable","13":"product-type-simple"},"_links":{"self":[{"href":"https:\/\/baldumarket.lt\/lt\/wp-json\/wp\/v2\/product\/89745","targetHints":{"allow":["GET"]}}],"collection":[{"href":"https:\/\/baldumarket.lt\/lt\/wp-json\/wp\/v2\/product"}],"about":[{"href":"https:\/\/baldumarket.lt\/lt\/wp-json\/wp\/v2\/types\/product"}],"replies":[{"embeddable":true,"href":"https:\/\/baldumarket.lt\/lt\/wp-json\/wp\/v2\/comments?post=89745"}],"wp:featuredmedia":[{"embeddable":true,"href":"https:\/\/baldumarket.lt\/lt\/wp-json\/wp\/v2\/media\/89746"}],"wp:attachment":[{"href":"https:\/\/baldumarket.lt\/lt\/wp-json\/wp\/v2\/media?parent=89745"}],"wp:term":[{"taxonomy":"product_brand","embeddable":true,"href":"https:\/\/baldumarket.lt\/lt\/wp-json\/wp\/v2\/product_brand?post=89745"},{"taxonomy":"product_cat","embeddable":true,"href":"https:\/\/baldumarket.lt\/lt\/wp-json\/wp\/v2\/product_cat?post=89745"},{"taxonomy":"product_tag","embeddable":true,"href":"https:\/\/baldumarket.lt\/lt\/wp-json\/wp\/v2\/product_tag?post=89745"}],"curies":[{"name":"wp","href":"https:\/\/api.w.org\/{rel}","templated":true}]}}