{"id":89740,"date":"2025-12-05T01:14:49","date_gmt":"2025-12-04T22:14:49","guid":{"rendered":"https:\/\/baldumarket.lt\/product\/witryna-debowa-retro-kw338-lewa-dab-miodowy\/"},"modified":"2026-02-04T00:09:54","modified_gmt":"2026-02-03T21:09:54","slug":"witryna-debowa-retro-kw338-lewa-dab-miodowy","status":"publish","type":"product","link":"https:\/\/baldumarket.lt\/lt\/product\/witryna-debowa-retro-kw338-lewa-dab-miodowy\/","title":{"rendered":"\u0104\u017euolin\u0117 vitrina RETRO KW338 KAIR\u0116 medaus \u0105\u017euolo spalvos"},"content":{"rendered":"<p>\u0104\u017euolin\u0117 vitrina KW338 \u2013 tai naujas \u201eRetro\u201c kolekcijos gaminys, pagamintas i\u0161 \u0105\u017euolo medienos. Klasikin\u0117 jos i\u0161vaizda puikiai tiks tiek tradiciniame, tiek moderniame interjere. Pagrindinis \u0161ios spintel\u0117s privalumas \u2013 dydis, leid\u017eiantis jai papuo\u0161ti net ma\u017e\u0105 svetain\u0119 ar valgom\u0105j\u012f. Lentynos u\u017e stiklin\u0117s plok\u0161t\u0117s leid\u017eia eksponuoti suvenyrus, papuo\u0161alus ar gra\u017eius indus. Apatiniai stal\u010diai praver\u010dia smulkiems daiktams laikyti. Nat\u016brali spintel\u0117s spalva leis sukurti unikali\u0105, jauki\u0105 atmosfer\u0105 valgomajame ar svetain\u0117je.<\/p>","protected":false},"excerpt":{"rendered":"<p>\u0104\u017euolin\u0117 vitrina KW338 yra naujas \u201eRetro\u201c kolekcijos papildymas, pagamintas i\u0161 \u0105\u017euolo medienos. Klasikin\u0117 jos i\u0161vaizda puikiai tiks tiek tradiciniame, tiek moderniame interjere. Pagrindinis \u0161ios spintel\u0117s privalumas yra dydis, leid\u017eiantis jai papuo\u0161ti net ma\u017e\u0105 svetain\u0119 ar valgom\u0105j\u012f. Lentynos u\u017e [\u2026]<\/p>","protected":false},"featured_media":89729,"comment_status":"open","ping_status":"open","template":"","meta":[],"product_brand":[],"product_cat":[9312,2113,2006],"product_tag":[],"class_list":{"0":"post-89740","1":"product","2":"type-product","3":"status-publish","4":"has-post-thumbnail","6":"product_cat-retro-collection-drewmax","7":"product_cat-drewmax","8":"product_cat-vitrines","10":"first","11":"instock","12":"purchasable","13":"product-type-simple"},"_links":{"self":[{"href":"https:\/\/baldumarket.lt\/lt\/wp-json\/wp\/v2\/product\/89740","targetHints":{"allow":["GET"]}}],"collection":[{"href":"https:\/\/baldumarket.lt\/lt\/wp-json\/wp\/v2\/product"}],"about":[{"href":"https:\/\/baldumarket.lt\/lt\/wp-json\/wp\/v2\/types\/product"}],"replies":[{"embeddable":true,"href":"https:\/\/baldumarket.lt\/lt\/wp-json\/wp\/v2\/comments?post=89740"}],"wp:featuredmedia":[{"embeddable":true,"href":"https:\/\/baldumarket.lt\/lt\/wp-json\/wp\/v2\/media\/89729"}],"wp:attachment":[{"href":"https:\/\/baldumarket.lt\/lt\/wp-json\/wp\/v2\/media?parent=89740"}],"wp:term":[{"taxonomy":"product_brand","embeddable":true,"href":"https:\/\/baldumarket.lt\/lt\/wp-json\/wp\/v2\/product_brand?post=89740"},{"taxonomy":"product_cat","embeddable":true,"href":"https:\/\/baldumarket.lt\/lt\/wp-json\/wp\/v2\/product_cat?post=89740"},{"taxonomy":"product_tag","embeddable":true,"href":"https:\/\/baldumarket.lt\/lt\/wp-json\/wp\/v2\/product_tag?post=89740"}],"curies":[{"name":"wp","href":"https:\/\/api.w.org\/{rel}","templated":true}]}}