{"id":89727,"date":"2025-12-05T01:14:32","date_gmt":"2025-12-04T22:14:32","guid":{"rendered":"https:\/\/baldumarket.lt\/product\/witryna-debowa-classic-kw351-lewa-dab-naturalny\/"},"modified":"2026-04-07T00:48:07","modified_gmt":"2026-04-06T21:48:07","slug":"witryna-debowa-classic-kw351-lewa-dab-naturalny","status":"publish","type":"product","link":"https:\/\/baldumarket.lt\/lt\/product\/witryna-debowa-classic-kw351-lewa-dab-naturalny\/","title":{"rendered":"\u0104\u017euolin\u0117 vitrina CLASSIC KW351 KAIR\u0116 nat\u016bralaus \u0105\u017euolo"},"content":{"rendered":"<p>KW351 vitrina pagaminta i\u0161 \u0105\u017euolo medienos. Klasikin\u0117 jos i\u0161vaizda puikiai der\u0117s tiek prie tradicinio, tiek prie modernaus j\u016bs\u0173 nam\u0173 interjero. Matmenys yra pagrindinis privalumas, leid\u017eiantis jai papildyti net ma\u017e\u0105 svetain\u0119 ar valgom\u0105j\u012f. Lentynos u\u017e stiklin\u0117s plok\u0161t\u0117s leid\u017eia eksponuoti suvenyrus, papuo\u0161alus ar gra\u017eius indus. Apatiniai stal\u010diai yra naudingi smulkiems daiktams laikyti. Nat\u016brali spintel\u0117s spalva leis sukurti unikali\u0105, jauki\u0105 atmosfer\u0105 j\u016bs\u0173 valgomajame ar svetain\u0117je.<\/p>","protected":false},"excerpt":{"rendered":"<p>KW351 vitrina pagaminta i\u0161 \u0105\u017euolo medienos. Klasikin\u0117 jos i\u0161vaizda puikiai der\u0117s tiek prie tradicinio, tiek prie modernaus j\u016bs\u0173 nam\u0173 interjero. Matmenys yra pagrindinis privalumas, leid\u017eiantis jai papildyti net ma\u017e\u0105 svetain\u0119 ar valgom\u0105j\u012f. Lentynos u\u017e stiklin\u0117s plok\u0161t\u0117s leid\u017eia eksponuoti suvenyrus, [\u2026]<\/p>","protected":false},"featured_media":89710,"comment_status":"open","ping_status":"open","template":"","meta":[],"product_brand":[],"product_cat":[9313,2113,2006],"product_tag":[],"class_list":{"0":"post-89727","1":"product","2":"type-product","3":"status-publish","4":"has-post-thumbnail","6":"product_cat-classic-collection-drewmax","7":"product_cat-drewmax","8":"product_cat-vitrines","10":"first","11":"instock","12":"purchasable","13":"product-type-simple"},"_links":{"self":[{"href":"https:\/\/baldumarket.lt\/lt\/wp-json\/wp\/v2\/product\/89727","targetHints":{"allow":["GET"]}}],"collection":[{"href":"https:\/\/baldumarket.lt\/lt\/wp-json\/wp\/v2\/product"}],"about":[{"href":"https:\/\/baldumarket.lt\/lt\/wp-json\/wp\/v2\/types\/product"}],"replies":[{"embeddable":true,"href":"https:\/\/baldumarket.lt\/lt\/wp-json\/wp\/v2\/comments?post=89727"}],"wp:featuredmedia":[{"embeddable":true,"href":"https:\/\/baldumarket.lt\/lt\/wp-json\/wp\/v2\/media\/89710"}],"wp:attachment":[{"href":"https:\/\/baldumarket.lt\/lt\/wp-json\/wp\/v2\/media?parent=89727"}],"wp:term":[{"taxonomy":"product_brand","embeddable":true,"href":"https:\/\/baldumarket.lt\/lt\/wp-json\/wp\/v2\/product_brand?post=89727"},{"taxonomy":"product_cat","embeddable":true,"href":"https:\/\/baldumarket.lt\/lt\/wp-json\/wp\/v2\/product_cat?post=89727"},{"taxonomy":"product_tag","embeddable":true,"href":"https:\/\/baldumarket.lt\/lt\/wp-json\/wp\/v2\/product_tag?post=89727"}],"curies":[{"name":"wp","href":"https:\/\/api.w.org\/{rel}","templated":true}]}}