{"id":89702,"date":"2025-12-05T01:14:04","date_gmt":"2025-12-04T22:14:04","guid":{"rendered":"https:\/\/baldumarket.lt\/product\/witryna-debowa-classic-kw352-dab-miodowy\/"},"modified":"2026-04-07T00:47:49","modified_gmt":"2026-04-06T21:47:49","slug":"witryna-debowa-classic-kw352-dab-miodowy","status":"publish","type":"product","link":"https:\/\/baldumarket.lt\/lt\/product\/witryna-debowa-classic-kw352-dab-miodowy\/","title":{"rendered":"\u0104\u017euolin\u0117 vitrina CLASSIC KW352 medaus \u0105\u017euolo spalvos"},"content":{"rendered":"<p>KW352 vitrina pagaminta i\u0161 \u0105\u017euolo medienos. Klasikin\u0117 jos i\u0161vaizda puikiai der\u0117s tiek prie tradicinio, tiek prie modernaus interjero. Lentynos u\u017e stiklin\u0117s plok\u0161t\u0117s leid\u017eia eksponuoti suvenyrus, papuo\u0161alus ar gra\u017eius indus. Apatiniai stal\u010diai puikiai tinka smulkiems daiktams ir aksesuarams laikyti. Nat\u016brali spintel\u0117s spalva leis sukurti unikali\u0105, jauki\u0105 atmosfer\u0105 valgomajame ar svetain\u0117je.<\/p>","protected":false},"excerpt":{"rendered":"<p>KW352 vitrina pagaminta i\u0161 \u0105\u017euolo medienos. Klasikin\u0117 jos i\u0161vaizda puikiai der\u0117s tiek prie tradicinio, tiek prie modernaus interjero. Lentynos u\u017e stiklin\u0117s plok\u0161t\u0117s leid\u017eia eksponuoti suvenyrus, papuo\u0161alus ar gra\u017eius indus. Apatiniai stal\u010diai puikiai tinka smulkiems daiktams ir aksesuarams laikyti. Nat\u016brali spintel\u0117s spalva [\u2026]<\/p>","protected":false},"featured_media":89698,"comment_status":"open","ping_status":"open","template":"","meta":[],"product_brand":[],"product_cat":[9313,2113,2006],"product_tag":[],"class_list":{"0":"post-89702","1":"product","2":"type-product","3":"status-publish","4":"has-post-thumbnail","6":"product_cat-classic-collection-drewmax","7":"product_cat-drewmax","8":"product_cat-vitrines","10":"first","11":"instock","12":"purchasable","13":"product-type-simple"},"_links":{"self":[{"href":"https:\/\/baldumarket.lt\/lt\/wp-json\/wp\/v2\/product\/89702","targetHints":{"allow":["GET"]}}],"collection":[{"href":"https:\/\/baldumarket.lt\/lt\/wp-json\/wp\/v2\/product"}],"about":[{"href":"https:\/\/baldumarket.lt\/lt\/wp-json\/wp\/v2\/types\/product"}],"replies":[{"embeddable":true,"href":"https:\/\/baldumarket.lt\/lt\/wp-json\/wp\/v2\/comments?post=89702"}],"wp:featuredmedia":[{"embeddable":true,"href":"https:\/\/baldumarket.lt\/lt\/wp-json\/wp\/v2\/media\/89698"}],"wp:attachment":[{"href":"https:\/\/baldumarket.lt\/lt\/wp-json\/wp\/v2\/media?parent=89702"}],"wp:term":[{"taxonomy":"product_brand","embeddable":true,"href":"https:\/\/baldumarket.lt\/lt\/wp-json\/wp\/v2\/product_brand?post=89702"},{"taxonomy":"product_cat","embeddable":true,"href":"https:\/\/baldumarket.lt\/lt\/wp-json\/wp\/v2\/product_cat?post=89702"},{"taxonomy":"product_tag","embeddable":true,"href":"https:\/\/baldumarket.lt\/lt\/wp-json\/wp\/v2\/product_tag?post=89702"}],"curies":[{"name":"wp","href":"https:\/\/api.w.org\/{rel}","templated":true}]}}