{"id":89667,"date":"2025-12-05T01:13:27","date_gmt":"2025-12-04T22:13:27","guid":{"rendered":"https:\/\/baldumarket.lt\/product\/witryna-sosnowa-doulis-kw110-sosna-orzech\/"},"modified":"2026-02-04T00:10:07","modified_gmt":"2026-02-03T21:10:07","slug":"witryna-sosnowa-doulis-kw110-sosna-orzech","status":"publish","type":"product","link":"https:\/\/baldumarket.lt\/lt\/product\/witryna-sosnowa-doulis-kw110-sosna-orzech\/","title":{"rendered":"DOULIS KW110 pu\u0161ies vitrina, pu\u0161ies rie\u0161utmedis"},"content":{"rendered":"<p>Paprasta ir klasikinio stiliaus KW110 indauja, pagaminta i\u0161 masyvios pu\u0161ies medienos, puikiai tinka tiek virtuvei, tiek svetainei. Kartu su kitais \u0161ios kolekcijos elementais ji leis jums sukurti gra\u017e\u0173 ir funkcional\u0173 interjer\u0105, pritaikyt\u0105 j\u016bs\u0173 poreikiams.<\/p>","protected":false},"excerpt":{"rendered":"<p>Paprasta ir klasikinio stiliaus KW110 indauja, pagaminta i\u0161 masyvios pu\u0161ies medienos, puikiai tinka tiek virtuvei, tiek svetainei. Kartu su kitais \u0161ios kolekcijos elementais ji leis jums sukurti gra\u017e\u0173 ir funkcional\u0173 interjer\u0105, pritaikyt\u0105 j\u016bs\u0173 poreikiams.<\/p>","protected":false},"featured_media":89664,"comment_status":"open","ping_status":"open","template":"","meta":[],"product_brand":[],"product_cat":[9319,2113,2006],"product_tag":[],"class_list":{"0":"post-89667","1":"product","2":"type-product","3":"status-publish","4":"has-post-thumbnail","6":"product_cat-doulis-collection-drewmax","7":"product_cat-drewmax","8":"product_cat-vitrines","10":"first","11":"instock","12":"purchasable","13":"product-type-simple"},"_links":{"self":[{"href":"https:\/\/baldumarket.lt\/lt\/wp-json\/wp\/v2\/product\/89667","targetHints":{"allow":["GET"]}}],"collection":[{"href":"https:\/\/baldumarket.lt\/lt\/wp-json\/wp\/v2\/product"}],"about":[{"href":"https:\/\/baldumarket.lt\/lt\/wp-json\/wp\/v2\/types\/product"}],"replies":[{"embeddable":true,"href":"https:\/\/baldumarket.lt\/lt\/wp-json\/wp\/v2\/comments?post=89667"}],"wp:featuredmedia":[{"embeddable":true,"href":"https:\/\/baldumarket.lt\/lt\/wp-json\/wp\/v2\/media\/89664"}],"wp:attachment":[{"href":"https:\/\/baldumarket.lt\/lt\/wp-json\/wp\/v2\/media?parent=89667"}],"wp:term":[{"taxonomy":"product_brand","embeddable":true,"href":"https:\/\/baldumarket.lt\/lt\/wp-json\/wp\/v2\/product_brand?post=89667"},{"taxonomy":"product_cat","embeddable":true,"href":"https:\/\/baldumarket.lt\/lt\/wp-json\/wp\/v2\/product_cat?post=89667"},{"taxonomy":"product_tag","embeddable":true,"href":"https:\/\/baldumarket.lt\/lt\/wp-json\/wp\/v2\/product_tag?post=89667"}],"curies":[{"name":"wp","href":"https:\/\/api.w.org\/{rel}","templated":true}]}}