{"id":89662,"date":"2025-12-05T01:13:23","date_gmt":"2025-12-04T22:13:23","guid":{"rendered":"https:\/\/baldumarket.lt\/product\/witryna-sosnowa-doulis-kw112-sosna-orzech\/"},"modified":"2026-02-04T00:10:08","modified_gmt":"2026-02-03T21:10:08","slug":"witryna-sosnowa-doulis-kw112-sosna-orzech","status":"publish","type":"product","link":"https:\/\/baldumarket.lt\/lt\/product\/witryna-sosnowa-doulis-kw112-sosna-orzech\/","title":{"rendered":"DOULIS KW112 pu\u0161ies vitrina, pu\u0161ies rie\u0161utmedis"},"content":{"rendered":"<p>Paprasta ir klasikin\u0117 KW112 pu\u0161ies masyvo spintel\u0117 puikiai tiks bet kuriai virtuvei. Kartu su kitais \u0161ios kolekcijos elementais ji leis jums sukurti gra\u017e\u0173 ir funkcional\u0173 interjer\u0105, pritaikyt\u0105 j\u016bs\u0173 poreikiams.<\/p>","protected":false},"excerpt":{"rendered":"<p>Paprasta ir klasikin\u0117 KW112 pu\u0161ies masyvo spintel\u0117 puikiai tiks bet kuriai virtuvei. Kartu su kitais \u0161ios kolekcijos elementais ji leis jums sukurti gra\u017e\u0173 ir funkcional\u0173 interjer\u0105, pritaikyt\u0105 j\u016bs\u0173 poreikiams.<\/p>","protected":false},"featured_media":89659,"comment_status":"open","ping_status":"open","template":"","meta":[],"product_brand":[],"product_cat":[9319,2113,2006],"product_tag":[],"class_list":{"0":"post-89662","1":"product","2":"type-product","3":"status-publish","4":"has-post-thumbnail","6":"product_cat-doulis-collection-drewmax","7":"product_cat-drewmax","8":"product_cat-vitrines","10":"first","11":"instock","12":"purchasable","13":"product-type-simple"},"_links":{"self":[{"href":"https:\/\/baldumarket.lt\/lt\/wp-json\/wp\/v2\/product\/89662","targetHints":{"allow":["GET"]}}],"collection":[{"href":"https:\/\/baldumarket.lt\/lt\/wp-json\/wp\/v2\/product"}],"about":[{"href":"https:\/\/baldumarket.lt\/lt\/wp-json\/wp\/v2\/types\/product"}],"replies":[{"embeddable":true,"href":"https:\/\/baldumarket.lt\/lt\/wp-json\/wp\/v2\/comments?post=89662"}],"wp:featuredmedia":[{"embeddable":true,"href":"https:\/\/baldumarket.lt\/lt\/wp-json\/wp\/v2\/media\/89659"}],"wp:attachment":[{"href":"https:\/\/baldumarket.lt\/lt\/wp-json\/wp\/v2\/media?parent=89662"}],"wp:term":[{"taxonomy":"product_brand","embeddable":true,"href":"https:\/\/baldumarket.lt\/lt\/wp-json\/wp\/v2\/product_brand?post=89662"},{"taxonomy":"product_cat","embeddable":true,"href":"https:\/\/baldumarket.lt\/lt\/wp-json\/wp\/v2\/product_cat?post=89662"},{"taxonomy":"product_tag","embeddable":true,"href":"https:\/\/baldumarket.lt\/lt\/wp-json\/wp\/v2\/product_tag?post=89662"}],"curies":[{"name":"wp","href":"https:\/\/api.w.org\/{rel}","templated":true}]}}