{"id":89650,"date":"2025-12-05T01:13:12","date_gmt":"2025-12-04T22:13:12","guid":{"rendered":"https:\/\/baldumarket.lt\/product\/witryna-sosnowa-mugo-kw115-sosna-dab\/"},"modified":"2026-02-04T00:10:10","modified_gmt":"2026-02-03T21:10:10","slug":"witryna-sosnowa-mugo-kw115-sosna-dab","status":"publish","type":"product","link":"https:\/\/baldumarket.lt\/lt\/product\/witryna-sosnowa-mugo-kw115-sosna-dab\/","title":{"rendered":"Pu\u0161in\u0117 vitrina MUGO KW115 pu\u0161is \u0105\u017euolas"},"content":{"rendered":"<p>KW115 pu\u0161in\u0117 vitrina leid\u017eia sukurti \u0161ilt\u0105, jauki\u0105, ta\u010diau stiling\u0105 ir klasikin\u012f vaizd\u0105 valgomajame ar svetain\u0117je. Ji sukurta taip, kad erdviuose stal\u010diuose tilpt\u0173 nam\u0173 apyvokos daiktai, o atvirose lentynose \u2013 \u0161eimos relikvijos, nuotraukos ar knygos. Ji yra ir gra\u017ei, ir funkcionali. Nat\u016brali pu\u0161ies medienos tekst\u016bra suteikia jai unikal\u0173 charakter\u012f.<\/p>","protected":false},"excerpt":{"rendered":"<p>KW115 pu\u0161in\u0117 vitrina leid\u017eia sukurti \u0161ilt\u0105, jauk\u0173, ta\u010diau stiling\u0105 ir klasikin\u012f vaizd\u0105 valgomajame ar svetain\u0117je. Ji sukurta taip, kad erdviuose stal\u010diuose tilpt\u0173 nam\u0173 apyvokos daiktai, o atvirose lentynose \u2013 \u0161eimos relikvijos, nuotraukos ar knygos. Ji yra ir gra\u017ei, ir funkcionali. Nat\u016brali pu\u0161ies medienos tekst\u016bra suteikia [\u2026]<\/p>","protected":false},"featured_media":89651,"comment_status":"open","ping_status":"open","template":"","meta":[],"product_brand":[],"product_cat":[9320,2113,2006],"product_tag":[],"class_list":{"0":"post-89650","1":"product","2":"type-product","3":"status-publish","4":"has-post-thumbnail","6":"product_cat-mugo-collection-drewmax","7":"product_cat-drewmax","8":"product_cat-vitrines","10":"first","11":"instock","12":"purchasable","13":"product-type-simple"},"_links":{"self":[{"href":"https:\/\/baldumarket.lt\/lt\/wp-json\/wp\/v2\/product\/89650","targetHints":{"allow":["GET"]}}],"collection":[{"href":"https:\/\/baldumarket.lt\/lt\/wp-json\/wp\/v2\/product"}],"about":[{"href":"https:\/\/baldumarket.lt\/lt\/wp-json\/wp\/v2\/types\/product"}],"replies":[{"embeddable":true,"href":"https:\/\/baldumarket.lt\/lt\/wp-json\/wp\/v2\/comments?post=89650"}],"wp:featuredmedia":[{"embeddable":true,"href":"https:\/\/baldumarket.lt\/lt\/wp-json\/wp\/v2\/media\/89651"}],"wp:attachment":[{"href":"https:\/\/baldumarket.lt\/lt\/wp-json\/wp\/v2\/media?parent=89650"}],"wp:term":[{"taxonomy":"product_brand","embeddable":true,"href":"https:\/\/baldumarket.lt\/lt\/wp-json\/wp\/v2\/product_brand?post=89650"},{"taxonomy":"product_cat","embeddable":true,"href":"https:\/\/baldumarket.lt\/lt\/wp-json\/wp\/v2\/product_cat?post=89650"},{"taxonomy":"product_tag","embeddable":true,"href":"https:\/\/baldumarket.lt\/lt\/wp-json\/wp\/v2\/product_tag?post=89650"}],"curies":[{"name":"wp","href":"https:\/\/api.w.org\/{rel}","templated":true}]}}