{"id":89622,"date":"2025-12-05T01:12:42","date_gmt":"2025-12-04T22:12:42","guid":{"rendered":"https:\/\/baldumarket.lt\/product\/witryna-sosnowa-doulis-kw127-sosna-naturalny\/"},"modified":"2026-02-04T00:10:15","modified_gmt":"2026-02-03T21:10:15","slug":"witryna-sosnowa-doulis-kw127-sosna-naturalny","status":"publish","type":"product","link":"https:\/\/baldumarket.lt\/lt\/product\/witryna-sosnowa-doulis-kw127-sosna-naturalny\/","title":{"rendered":"Pu\u0161in\u0117 vitrina DOULIS KW127 nat\u016brali pu\u0161is"},"content":{"rendered":"<p>KW127 pu\u0161in\u0117 vitrina leid\u017eia sukurti \u0161ilt\u0105, jauki\u0105, ta\u010diau stiling\u0105 ir klasikin\u012f vaizd\u0105 valgomajame ar svetain\u0117je. Sukurta taip, kad erdviose spintel\u0117se tilpt\u0173 nam\u0173 apyvokos daiktai, o atvirose lentynose \u2013 \u0161eimos relikvijos, nuotraukos ar knygos. Ji yra ir gra\u017ei, ir funkcionali. Nat\u016brali pu\u0161ies medienos tekst\u016bra suteikia jai unikal\u0173 charakter\u012f.<\/p>","protected":false},"excerpt":{"rendered":"<p>KW127 pu\u0161in\u0117 vitrina leid\u017eia sukurti \u0161ilt\u0105, jauki\u0105, ta\u010diau stiling\u0105 ir klasikin\u012f vaizd\u0105 valgomajame ar svetain\u0117je. Sukurta taip, kad erdviose spintel\u0117se tilpt\u0173 nam\u0173 apyvokos daiktai, o atvirose lentynose \u2013 \u0161eimos relikvijos, nuotraukos ar knygos. Ji yra ir gra\u017ei, ir funkcionali. Nat\u016brali pu\u0161ies medienos tekst\u016bra suteikia [\u2026]<\/p>","protected":false},"featured_media":89620,"comment_status":"open","ping_status":"open","template":"","meta":[],"product_brand":[],"product_cat":[9319,2113,2006],"product_tag":[],"class_list":{"0":"post-89622","1":"product","2":"type-product","3":"status-publish","4":"has-post-thumbnail","6":"product_cat-doulis-collection-drewmax","7":"product_cat-drewmax","8":"product_cat-vitrines","10":"first","11":"instock","12":"purchasable","13":"product-type-simple"},"_links":{"self":[{"href":"https:\/\/baldumarket.lt\/lt\/wp-json\/wp\/v2\/product\/89622","targetHints":{"allow":["GET"]}}],"collection":[{"href":"https:\/\/baldumarket.lt\/lt\/wp-json\/wp\/v2\/product"}],"about":[{"href":"https:\/\/baldumarket.lt\/lt\/wp-json\/wp\/v2\/types\/product"}],"replies":[{"embeddable":true,"href":"https:\/\/baldumarket.lt\/lt\/wp-json\/wp\/v2\/comments?post=89622"}],"wp:featuredmedia":[{"embeddable":true,"href":"https:\/\/baldumarket.lt\/lt\/wp-json\/wp\/v2\/media\/89620"}],"wp:attachment":[{"href":"https:\/\/baldumarket.lt\/lt\/wp-json\/wp\/v2\/media?parent=89622"}],"wp:term":[{"taxonomy":"product_brand","embeddable":true,"href":"https:\/\/baldumarket.lt\/lt\/wp-json\/wp\/v2\/product_brand?post=89622"},{"taxonomy":"product_cat","embeddable":true,"href":"https:\/\/baldumarket.lt\/lt\/wp-json\/wp\/v2\/product_cat?post=89622"},{"taxonomy":"product_tag","embeddable":true,"href":"https:\/\/baldumarket.lt\/lt\/wp-json\/wp\/v2\/product_tag?post=89622"}],"curies":[{"name":"wp","href":"https:\/\/api.w.org\/{rel}","templated":true}]}}