{"id":89615,"date":"2025-12-05T01:12:36","date_gmt":"2025-12-04T22:12:36","guid":{"rendered":"https:\/\/baldumarket.lt\/product\/witryna-sosnowa-doulis-kw130-sosna-olcha\/"},"modified":"2026-02-04T00:10:16","modified_gmt":"2026-02-03T21:10:16","slug":"witryna-sosnowa-doulis-kw130-sosna-olcha","status":"publish","type":"product","link":"https:\/\/baldumarket.lt\/lt\/product\/witryna-sosnowa-doulis-kw130-sosna-olcha\/","title":{"rendered":"DOULIS KW130 pu\u0161in\u0117 vitrina, pu\u0161is ir alksnis"},"content":{"rendered":"<p>KW130 vitrina pagaminta i\u0161 tvirtos pu\u0161ies medienos ir turi keturias atviras lentynas, tod\u0117l puikiai tinka laikyti smulkius daiktus ir eksponuoti aksesuarus. Paprastos formos, klasikinis stilius ir nat\u016bralios medienos \u017eavesys leid\u017eia sukurti i\u0161ties unikal\u0173 interjer\u0105.<\/p>","protected":false},"excerpt":{"rendered":"<p>KW130 vitrina pagaminta i\u0161 tvirtos pu\u0161ies medienos ir turi keturias atviras lentynas, tod\u0117l puikiai tinka laikyti smulkius daiktus ir eksponuoti aksesuarus. Paprastos formos, klasikinis stilius ir nat\u016bralios medienos \u017eavesys leid\u017eia sukurti i\u0161ties unikal\u0173 interjer\u0105.<\/p>","protected":false},"featured_media":89613,"comment_status":"open","ping_status":"open","template":"","meta":[],"product_brand":[],"product_cat":[9319,2113,2006],"product_tag":[],"class_list":{"0":"post-89615","1":"product","2":"type-product","3":"status-publish","4":"has-post-thumbnail","6":"product_cat-doulis-collection-drewmax","7":"product_cat-drewmax","8":"product_cat-vitrines","10":"first","11":"instock","12":"purchasable","13":"product-type-simple"},"_links":{"self":[{"href":"https:\/\/baldumarket.lt\/lt\/wp-json\/wp\/v2\/product\/89615","targetHints":{"allow":["GET"]}}],"collection":[{"href":"https:\/\/baldumarket.lt\/lt\/wp-json\/wp\/v2\/product"}],"about":[{"href":"https:\/\/baldumarket.lt\/lt\/wp-json\/wp\/v2\/types\/product"}],"replies":[{"embeddable":true,"href":"https:\/\/baldumarket.lt\/lt\/wp-json\/wp\/v2\/comments?post=89615"}],"wp:featuredmedia":[{"embeddable":true,"href":"https:\/\/baldumarket.lt\/lt\/wp-json\/wp\/v2\/media\/89613"}],"wp:attachment":[{"href":"https:\/\/baldumarket.lt\/lt\/wp-json\/wp\/v2\/media?parent=89615"}],"wp:term":[{"taxonomy":"product_brand","embeddable":true,"href":"https:\/\/baldumarket.lt\/lt\/wp-json\/wp\/v2\/product_brand?post=89615"},{"taxonomy":"product_cat","embeddable":true,"href":"https:\/\/baldumarket.lt\/lt\/wp-json\/wp\/v2\/product_cat?post=89615"},{"taxonomy":"product_tag","embeddable":true,"href":"https:\/\/baldumarket.lt\/lt\/wp-json\/wp\/v2\/product_tag?post=89615"}],"curies":[{"name":"wp","href":"https:\/\/api.w.org\/{rel}","templated":true}]}}