{"id":89611,"date":"2025-12-05T01:12:32","date_gmt":"2025-12-04T22:12:32","guid":{"rendered":"https:\/\/baldumarket.lt\/product\/witryna-sosnowa-mugo-kw131-sosna-orzech\/"},"modified":"2026-02-04T00:10:17","modified_gmt":"2026-02-03T21:10:17","slug":"witryna-sosnowa-mugo-kw131-sosna-orzech","status":"publish","type":"product","link":"https:\/\/baldumarket.lt\/lt\/product\/witryna-sosnowa-mugo-kw131-sosna-orzech\/","title":{"rendered":"Pu\u0161in\u0117 vitrina MUGO KW131 pu\u0161ies rie\u0161utmed\u017eio"},"content":{"rendered":"<p>KW131 stiklin\u0117 vitrina, pagaminta i\u0161 pu\u0161ies medienos, leid\u017eia eksponuoti dekoracijas ir pasl\u0117pti \u012fvairius smulkius daiktus. Du stal\u010diai ir universalios lentynos suteikia vietos daiktams susid\u0117ti. Paprastas dizainas dera prie beveik bet kokio interjero, o nat\u016brali mediena, i\u0161 kurios ji pagaminta, suteiks \u0161ilumos kambariui, kuriame ji eksponuojama.<\/p>","protected":false},"excerpt":{"rendered":"<p>KW131 stiklin\u0117 vitrina, pagaminta i\u0161 pu\u0161ies medienos, leid\u017eia eksponuoti dekoracijas ir pasl\u0117pti \u012fvairius smulkius daiktus. Du stal\u010diai ir universalios lentynos suteikia vietos daiktams susid\u0117ti. Paprastas dizainas dera prie beveik bet kokio interjero, o nat\u016brali mediena, i\u0161 kurios ji pagaminta, suteiks \u0161ilumos kambariui, kuriame ji eksponuojama.<\/p>","protected":false},"featured_media":89610,"comment_status":"open","ping_status":"open","template":"","meta":[],"product_brand":[],"product_cat":[9320,2113,2006],"product_tag":[],"class_list":{"0":"post-89611","1":"product","2":"type-product","3":"status-publish","4":"has-post-thumbnail","6":"product_cat-mugo-collection-drewmax","7":"product_cat-drewmax","8":"product_cat-vitrines","10":"first","11":"instock","12":"purchasable","13":"product-type-simple"},"_links":{"self":[{"href":"https:\/\/baldumarket.lt\/lt\/wp-json\/wp\/v2\/product\/89611","targetHints":{"allow":["GET"]}}],"collection":[{"href":"https:\/\/baldumarket.lt\/lt\/wp-json\/wp\/v2\/product"}],"about":[{"href":"https:\/\/baldumarket.lt\/lt\/wp-json\/wp\/v2\/types\/product"}],"replies":[{"embeddable":true,"href":"https:\/\/baldumarket.lt\/lt\/wp-json\/wp\/v2\/comments?post=89611"}],"wp:featuredmedia":[{"embeddable":true,"href":"https:\/\/baldumarket.lt\/lt\/wp-json\/wp\/v2\/media\/89610"}],"wp:attachment":[{"href":"https:\/\/baldumarket.lt\/lt\/wp-json\/wp\/v2\/media?parent=89611"}],"wp:term":[{"taxonomy":"product_brand","embeddable":true,"href":"https:\/\/baldumarket.lt\/lt\/wp-json\/wp\/v2\/product_brand?post=89611"},{"taxonomy":"product_cat","embeddable":true,"href":"https:\/\/baldumarket.lt\/lt\/wp-json\/wp\/v2\/product_cat?post=89611"},{"taxonomy":"product_tag","embeddable":true,"href":"https:\/\/baldumarket.lt\/lt\/wp-json\/wp\/v2\/product_tag?post=89611"}],"curies":[{"name":"wp","href":"https:\/\/api.w.org\/{rel}","templated":true}]}}