{"id":89589,"date":"2025-12-05T01:12:05","date_gmt":"2025-12-04T22:12:05","guid":{"rendered":"https:\/\/baldumarket.lt\/product\/zaglowek-zg001-2\/"},"modified":"2026-02-04T00:10:20","modified_gmt":"2026-02-03T21:10:20","slug":"zaglowek-zg001-2","status":"publish","type":"product","link":"https:\/\/baldumarket.lt\/lt\/product\/zaglowek-zg001-2\/","title":{"rendered":"Galvos atrama ZG001"},"content":{"rendered":"<p>Lovos galv\u016bgalis ZG001 buvo sukurtas atsi\u017evelgiant \u012f individualius m\u016bs\u0173 klient\u0173 poreikius, leid\u017eiant jiems susikurti lov\u0105 savo miegamajam pagal j\u0173 l\u016bkes\u010dius. Galv\u016bgalis tinka lovoms LK187 BOX ir LK187.<\/p>\n<p>Galv\u016bgal\u012f galima \u012fsigyti pasirinktose \u201eToptextil\u201c apmu\u0161al\u0173 kolekcijose i\u0161 \u201eDrewmax\u201c katalogo (netaikoma ATOS kolekcijai).<\/p>\n<p>Faktiniai galv\u016bgalio matmenys: plotis 147, 167, 187 cm, auk\u0161tis 54 cm, gylis 3 cm.<\/p>","protected":false},"excerpt":{"rendered":"<p>Lovos galv\u016bgalis ZG001 buvo sukurtas atsi\u017evelgiant \u012f individualius m\u016bs\u0173 klient\u0173 poreikius, leid\u017eiant jiems susikurti lov\u0105 savo miegamajam pagal j\u0173 l\u016bkes\u010dius. Galv\u016bgalis tinka lovoms LK187 BOX ir LK187. Galv\u016bgalis yra pasirinktose \u201eToptextil\u201c apmu\u0161al\u0173 kolekcijose i\u0161 \u201eDrewmax\u201c katalogo (netaikoma ATOS kolekcijai). [\u2026]<\/p>","protected":false},"featured_media":89586,"comment_status":"open","ping_status":"open","template":"","meta":[],"product_brand":[],"product_cat":[9310,9251,2113],"product_tag":[],"class_list":{"0":"post-89589","1":"product","2":"type-product","3":"status-publish","4":"has-post-thumbnail","6":"product_cat-bed-racks-drewmax","7":"product_cat-musor","8":"product_cat-drewmax","10":"first","11":"instock","12":"purchasable","13":"product-type-simple"},"_links":{"self":[{"href":"https:\/\/baldumarket.lt\/lt\/wp-json\/wp\/v2\/product\/89589","targetHints":{"allow":["GET"]}}],"collection":[{"href":"https:\/\/baldumarket.lt\/lt\/wp-json\/wp\/v2\/product"}],"about":[{"href":"https:\/\/baldumarket.lt\/lt\/wp-json\/wp\/v2\/types\/product"}],"replies":[{"embeddable":true,"href":"https:\/\/baldumarket.lt\/lt\/wp-json\/wp\/v2\/comments?post=89589"}],"wp:featuredmedia":[{"embeddable":true,"href":"https:\/\/baldumarket.lt\/lt\/wp-json\/wp\/v2\/media\/89586"}],"wp:attachment":[{"href":"https:\/\/baldumarket.lt\/lt\/wp-json\/wp\/v2\/media?parent=89589"}],"wp:term":[{"taxonomy":"product_brand","embeddable":true,"href":"https:\/\/baldumarket.lt\/lt\/wp-json\/wp\/v2\/product_brand?post=89589"},{"taxonomy":"product_cat","embeddable":true,"href":"https:\/\/baldumarket.lt\/lt\/wp-json\/wp\/v2\/product_cat?post=89589"},{"taxonomy":"product_tag","embeddable":true,"href":"https:\/\/baldumarket.lt\/lt\/wp-json\/wp\/v2\/product_tag?post=89589"}],"curies":[{"name":"wp","href":"https:\/\/api.w.org\/{rel}","templated":true}]}}