{"id":89578,"date":"2025-12-05T01:11:50","date_gmt":"2025-12-04T22:11:50","guid":{"rendered":"https:\/\/baldumarket.lt\/product\/sanki-drewniane-ad322-3m-buk-naturalny-2\/"},"modified":"2026-02-04T00:10:23","modified_gmt":"2026-02-03T21:10:23","slug":"sanki-drewniane-ad322-3m-buk-naturalny-2","status":"publish","type":"product","link":"https:\/\/baldumarket.lt\/lt\/product\/sanki-drewniane-ad322-3m-buk-naturalny-2\/","title":{"rendered":"Medin\u0117s rog\u0117s AD322\/3M, nat\u016bralus bukas"},"content":{"rendered":"<p>AD322\/3M medin\u0117s rog\u0117s<br \/>\nMedin\u0117s rog\u0117s AD322\/3M yra klasikin\u0117s \u201cavin\u0173 rag\u0173\u201d formos, pagamintos i\u0161 nat\u016bralios, tvirtos buko medienos. Tvirta konstrukcija u\u017etikrina ilgaam\u017ei\u0161kum\u0105 ir stabilum\u0105 va\u017eiuojant sniegu. S\u0117dyn\u0117 pagaminta i\u0161 patvaraus apmu\u0161alo su patraukliu raudonu ir juodu ra\u0161tu, suteikian\u010diu rog\u0117ms unikal\u0173 stili\u0173.<\/p>\n<p>AD322\/3M rog\u0117s turi cinkuoto plieno b\u0117gius, u\u017etikrinan\u010dius skland\u0173 va\u017eiavim\u0105 ir i\u0161skirtin\u012f atsparum\u0105 oro s\u0105lygoms \u2013 b\u0117giai yra atspar\u016bs r\u016bdims ir labai patvar\u016bs. \u0160ios rog\u0117s puikiai tinka \u017eiemos pasivaik\u0161\u010diojimams ir \u017eaidimams, garantuojantys malonum\u0105 tiek vaikams, tiek suaugusiems.<\/p>\n<p>FUNKCIJOS<br \/>\nModelis: AD322\/3M<br \/>\n3 tilt\u0173<br \/>\nMaksimali apkrova: 75 kg<br \/>\nPagaminta i\u0161 auk\u0161tos kokyb\u0117s buko medienos, tvirta ir patvari, tarnaus ilgus metus<br \/>\nLakuotas<br \/>\nS\u0117dyn\u0117 pagaminta i\u0161 itin patvaraus tinklo<br \/>\nB\u0117gikai, kalti i\u0161 cinkuoto lak\u0161tinio metalo, atspar\u016bs korozijai<br \/>\nPagaminta Lenkijoje<\/p>\n<p>SAUGOS SERTIFIKATAI<br \/>\nM\u016bs\u0173 rog\u0117s atitinka saugos reikalavimus.<br \/>\nJie yra sertifikuoti T\u00dcV Th\u00fcringen ir GS.<\/p>","protected":false},"excerpt":{"rendered":"<p>AD322\/3M medin\u0117s rog\u0117s AD322\/3M medin\u0117s rog\u0117s yra klasikin\u0117s \u201cavin\u0173 rag\u0173\u201d formos, pagamintos i\u0161 nat\u016bralios, tvirtos buko medienos. Tvirta konstrukcija u\u017etikrina ilgaam\u017ei\u0161kum\u0105 ir stabilum\u0105 va\u017eiuojant sniegu. S\u0117dyn\u0117 pagaminta i\u0161 patvaraus apmu\u0161alo su patraukliu raudonu ir juodu ra\u0161tu, suteikian\u010diu rog\u0117ms unikal\u0173 stili\u0173. AD322\/3M [\u2026]<\/p>","protected":false},"featured_media":89577,"comment_status":"open","ping_status":"open","template":"","meta":[],"product_brand":[],"product_cat":[9251,9308,2113],"product_tag":[],"class_list":{"0":"post-89578","1":"product","2":"type-product","3":"status-publish","4":"has-post-thumbnail","6":"product_cat-musor","7":"product_cat-sanki-drewmax","8":"product_cat-drewmax","10":"first","11":"instock","12":"purchasable","13":"product-type-simple"},"_links":{"self":[{"href":"https:\/\/baldumarket.lt\/lt\/wp-json\/wp\/v2\/product\/89578","targetHints":{"allow":["GET"]}}],"collection":[{"href":"https:\/\/baldumarket.lt\/lt\/wp-json\/wp\/v2\/product"}],"about":[{"href":"https:\/\/baldumarket.lt\/lt\/wp-json\/wp\/v2\/types\/product"}],"replies":[{"embeddable":true,"href":"https:\/\/baldumarket.lt\/lt\/wp-json\/wp\/v2\/comments?post=89578"}],"wp:featuredmedia":[{"embeddable":true,"href":"https:\/\/baldumarket.lt\/lt\/wp-json\/wp\/v2\/media\/89577"}],"wp:attachment":[{"href":"https:\/\/baldumarket.lt\/lt\/wp-json\/wp\/v2\/media?parent=89578"}],"wp:term":[{"taxonomy":"product_brand","embeddable":true,"href":"https:\/\/baldumarket.lt\/lt\/wp-json\/wp\/v2\/product_brand?post=89578"},{"taxonomy":"product_cat","embeddable":true,"href":"https:\/\/baldumarket.lt\/lt\/wp-json\/wp\/v2\/product_cat?post=89578"},{"taxonomy":"product_tag","embeddable":true,"href":"https:\/\/baldumarket.lt\/lt\/wp-json\/wp\/v2\/product_tag?post=89578"}],"curies":[{"name":"wp","href":"https:\/\/api.w.org\/{rel}","templated":true}]}}