{"id":89563,"date":"2025-12-05T01:11:35","date_gmt":"2025-12-04T22:11:35","guid":{"rendered":"https:\/\/baldumarket.lt\/product\/spiwor-do-sanek-ad311-szary\/"},"modified":"2026-02-04T00:10:23","modified_gmt":"2026-02-03T21:10:23","slug":"spiwor-do-sanek-ad311-szary","status":"publish","type":"product","link":"https:\/\/baldumarket.lt\/lt\/product\/spiwor-do-sanek-ad311-szary\/","title":{"rendered":"AD311 pilkas rogi\u0173 miegmai\u0161is"},"content":{"rendered":"<p>AD311 rogi\u0173 miegmai\u0161is<br \/>\nRogu\u010di\u0173 miegmai\u0161is AD311 pagamintas i\u0161 auk\u0161tos kokyb\u0117s med\u017eiagos, kuri u\u017etikrins ma\u017eyli\u0173 komfort\u0105 ir \u0161ilum\u0105 \u017eiemos pasivaik\u0161\u010diojim\u0173 metu. \u0160is modelis tinka visoms m\u016bs\u0173 asortimento rogut\u0117ms. Miegmai\u0161is tvirtinamas patogiais rai\u0161teliais, u\u017etikrinan\u010diais stabilum\u0105 ir saugum\u0105 naudojimo metu.<br \/>\nMiegmai\u0161is AD311 yra puikus sprendimas, u\u017etikrinantis vaiko komfort\u0105 ilg\u0173 pasivaik\u0161\u010diojim\u0173 metu \u0161altomis \u017eiemos dienomis.<\/p>\n<p>FUNKCIJOS<\/p>\n<p>Modelis: AD311<br \/>\nMed\u017eiaga: poliesteris<br \/>\nPriedas: kaklarai\u0161\u010diai<br \/>\nSpalvos: pilka, raudona, m\u0117lyna<\/p>","protected":false},"excerpt":{"rendered":"<p>AD311 rogu\u010di\u0173 miegmai\u0161is AD311 rogu\u010di\u0173 miegmai\u0161is pagamintas i\u0161 auk\u0161tos kokyb\u0117s med\u017eiagos, kuri u\u017etikrins ma\u017eyli\u0173 komfort\u0105 ir \u0161ilum\u0105 \u017eiemos pasivaik\u0161\u010diojim\u0173 metu. \u0160is modelis tinka visoms m\u016bs\u0173 asortimento rogut\u0117ms. Miegmai\u0161is tvirtinamas patogiais rai\u0161teliais, u\u017etikrinan\u010diais stabilum\u0105 ir saugum\u0105 naudojimo metu. AD311 miegmai\u0161is yra puikus sprendimas [\u2026]<\/p>","protected":false},"featured_media":89564,"comment_status":"open","ping_status":"open","template":"","meta":[],"product_brand":[],"product_cat":[9251,9308,2113],"product_tag":[],"class_list":{"0":"post-89563","1":"product","2":"type-product","3":"status-publish","4":"has-post-thumbnail","6":"product_cat-musor","7":"product_cat-sanki-drewmax","8":"product_cat-drewmax","10":"first","11":"instock","12":"purchasable","13":"product-type-simple"},"_links":{"self":[{"href":"https:\/\/baldumarket.lt\/lt\/wp-json\/wp\/v2\/product\/89563","targetHints":{"allow":["GET"]}}],"collection":[{"href":"https:\/\/baldumarket.lt\/lt\/wp-json\/wp\/v2\/product"}],"about":[{"href":"https:\/\/baldumarket.lt\/lt\/wp-json\/wp\/v2\/types\/product"}],"replies":[{"embeddable":true,"href":"https:\/\/baldumarket.lt\/lt\/wp-json\/wp\/v2\/comments?post=89563"}],"wp:featuredmedia":[{"embeddable":true,"href":"https:\/\/baldumarket.lt\/lt\/wp-json\/wp\/v2\/media\/89564"}],"wp:attachment":[{"href":"https:\/\/baldumarket.lt\/lt\/wp-json\/wp\/v2\/media?parent=89563"}],"wp:term":[{"taxonomy":"product_brand","embeddable":true,"href":"https:\/\/baldumarket.lt\/lt\/wp-json\/wp\/v2\/product_brand?post=89563"},{"taxonomy":"product_cat","embeddable":true,"href":"https:\/\/baldumarket.lt\/lt\/wp-json\/wp\/v2\/product_cat?post=89563"},{"taxonomy":"product_tag","embeddable":true,"href":"https:\/\/baldumarket.lt\/lt\/wp-json\/wp\/v2\/product_tag?post=89563"}],"curies":[{"name":"wp","href":"https:\/\/api.w.org\/{rel}","templated":true}]}}