{"id":89562,"date":"2025-12-05T01:11:34","date_gmt":"2025-12-04T22:11:34","guid":{"rendered":"https:\/\/baldumarket.lt\/product\/drewniane-oparcie-do-sanek-ad302-buk-naturalny\/"},"modified":"2026-02-04T00:10:24","modified_gmt":"2026-02-03T21:10:24","slug":"drewniane-oparcie-do-sanek-ad302-buk-naturalny","status":"publish","type":"product","link":"https:\/\/baldumarket.lt\/lt\/product\/drewniane-oparcie-do-sanek-ad302-buk-naturalny\/","title":{"rendered":"Medinis rogu\u010di\u0173 atlo\u0161as AD302 nat\u016bralus bukas"},"content":{"rendered":"<p>Medinis atlo\u0161as AD302 rogut\u0117ms<\/p>\n<p>\u0160is universalus medinis AD302 rogu\u010di\u0173 atlo\u0161as pagamintas i\u0161 auk\u0161tos kokyb\u0117s buko medienos. Jis u\u017etikrina komfort\u0105 ir saugum\u0105 \u017eiemos pramog\u0173 metu. Lankst\u016bs mediniai skersiniai leid\u017eia lengvai reguliuoti atlo\u0161\u0105 pagal bet kok\u012f s\u0117dyn\u0117s plot\u012f, tod\u0117l tai universalus rogu\u010di\u0173 aksesuaras. Atlo\u0161as tvirtinamas var\u017etais, u\u017etikrinant stabilum\u0105 ir saugum\u0105 va\u017eiavimo metu. Visi reikalingi tvirtinimo var\u017etai yra komplekte.<\/p>\n<p>FUNKCIJOS<\/p>\n<p>Modelis: AD302<br \/>\nPagaminta i\u0161 auk\u0161tos kokyb\u0117s buko medienos, kietos ir patvarios, tarnaus ilgus metus. Lanks\u010dios medin\u0117s grotel\u0117s leid\u017eia lengvai reguliuoti atlo\u0161\u0105 pagal bet kok\u012f s\u0117dyn\u0117s plot\u012f nuo 30 iki 50 cm.<br \/>\nBendras ilgis: 100 cm.<br \/>\nAtlo\u0161as tinka visoms m\u016bs\u0173 s\u0105ra\u0161e esan\u010dioms rogut\u0117ms.<br \/>\nAtlo\u0161o komplekte yra tvirtinimo var\u017etai.<br \/>\nLakuotas.<br \/>\nTvirtas ir stabilus.<br \/>\nPagaminta Lenkijoje.<\/p>","protected":false},"excerpt":{"rendered":"<p>Medinis atlo\u0161as AD302 rogut\u0117ms \u0160is universalus medinis atlo\u0161as AD302 rogut\u0117ms yra pagamintas i\u0161 auk\u0161tos kokyb\u0117s buko medienos. Jis u\u017etikrina komfort\u0105 ir saugum\u0105 \u017eiemos pramog\u0173 metu. Lanks\u010dios medin\u0117s lentel\u0117s leid\u017eia lengvai reguliuoti atlo\u0161\u0105 pagal bet kok\u012f s\u0117dyn\u0117s plot\u012f, tod\u0117l tai universalus rogu\u010di\u0173 aksesuaras. Atlo\u0161as tvirtinamas var\u017etais, u\u017etikrinant stabilum\u0105 [\u2026]<\/p>","protected":false},"featured_media":84969,"comment_status":"open","ping_status":"open","template":"","meta":[],"product_brand":[],"product_cat":[9251,9308,2113],"product_tag":[],"class_list":{"0":"post-89562","1":"product","2":"type-product","3":"status-publish","4":"has-post-thumbnail","6":"product_cat-musor","7":"product_cat-sanki-drewmax","8":"product_cat-drewmax","10":"first","11":"instock","12":"purchasable","13":"product-type-simple"},"_links":{"self":[{"href":"https:\/\/baldumarket.lt\/lt\/wp-json\/wp\/v2\/product\/89562","targetHints":{"allow":["GET"]}}],"collection":[{"href":"https:\/\/baldumarket.lt\/lt\/wp-json\/wp\/v2\/product"}],"about":[{"href":"https:\/\/baldumarket.lt\/lt\/wp-json\/wp\/v2\/types\/product"}],"replies":[{"embeddable":true,"href":"https:\/\/baldumarket.lt\/lt\/wp-json\/wp\/v2\/comments?post=89562"}],"wp:featuredmedia":[{"embeddable":true,"href":"https:\/\/baldumarket.lt\/lt\/wp-json\/wp\/v2\/media\/84969"}],"wp:attachment":[{"href":"https:\/\/baldumarket.lt\/lt\/wp-json\/wp\/v2\/media?parent=89562"}],"wp:term":[{"taxonomy":"product_brand","embeddable":true,"href":"https:\/\/baldumarket.lt\/lt\/wp-json\/wp\/v2\/product_brand?post=89562"},{"taxonomy":"product_cat","embeddable":true,"href":"https:\/\/baldumarket.lt\/lt\/wp-json\/wp\/v2\/product_cat?post=89562"},{"taxonomy":"product_tag","embeddable":true,"href":"https:\/\/baldumarket.lt\/lt\/wp-json\/wp\/v2\/product_tag?post=89562"}],"curies":[{"name":"wp","href":"https:\/\/api.w.org\/{rel}","templated":true}]}}